{"id":388,"date":"2018-03-19T11:32:34","date_gmt":"2018-03-19T11:32:34","guid":{"rendered":"https:\/\/itlapalma.com\/?page_id=388"},"modified":"2025-03-18T12:17:46","modified_gmt":"2025-03-18T12:17:46","slug":"descargo-de-responsabilidad","status":"publish","type":"page","link":"https:\/\/itlapalma.com\/es\/descargo-de-responsabilidad\/","title":{"rendered":"Descargo de responsabilidad"},"content":{"rendered":"\n<div class=\"wp-block-uagb-container uagb-block-fde19761 alignfull uagb-is-root-container\"><div class=\"uagb-container-inner-blocks-wrap\">\n<h1>Descargo de responsabilidad<\/h1>\n<p>En esta p\u00e1gina encontrar\u00e1 el descargo de responsabilidad de itlapalma.com, puesto a disposici\u00f3n por IT La Palma. En este descargo de responsabilidad, indicamos bajo qu\u00e9 reservaci\u00f3n le ofrecemos la informaci\u00f3n en nuestro sitio web.<\/p>\n<h3>Propiedad intelectual<\/h3>\n<p>El uso de la informaci\u00f3n en este sitio web es gratuito siempre que no copie, distribuya o utilice o haga un mal uso de esta informaci\u00f3n. Solo puede volver a utilizar la informaci\u00f3n en este sitio web de acuerdo con las regulaciones de la ley obligatoria.<\/p>\n<p>Sin el permiso expreso por escrito de IT La Palma, no est\u00e1 permitido reutilizar texto, material fotogr\u00e1fico u otros materiales en este sitio web. La propiedad intelectual pertenece a IT La Palma.<\/p>\n<h3>Sin garant\u00eda de precisi\u00f3n<\/h3>\n<p>Para los precios en nuestro sitio web, nos esforzamos por la representaci\u00f3n m\u00e1s precisa de la realidad y los precios previstos. Los errores que surgen y son reconocibles como errores de programaci\u00f3n o de tipeo nunca forman un motivo para reclamar o asumir un contrato o acuerdo con IT La Palma.<\/p>\n<p>IT La Palma se esfuerza por tener un sitio web lo m\u00e1s actualizado posible. Si, a pesar de estos esfuerzos, la informaci\u00f3n o el contenido de este sitio web est\u00e1 incompleto y \/ o es incorrecto, no podemos aceptar ninguna responsabilidad por esto.<\/p>\n<p>La informaci\u00f3n y \/ o productos en este sitio web se ofrecen sin ning\u00fan tipo de garant\u00eda y \/ o reclamo de correcci\u00f3n. Nos reservamos el derecho de cambiar, eliminar o volver a instalar estos materiales sin previo aviso. IT La Palma no acepta ninguna responsabilidad por la informaci\u00f3n contenida en los sitios web a los que nos referimos a trav\u00e9s de hiperv\u00ednculos.<\/p>\n<h3>Enmiendas<\/h3>\n<p>Si esta cl\u00e1usula de exenci\u00f3n de responsabilidad cambia, encontrar\u00e1 la versi\u00f3n m\u00e1s reciente de la exenci\u00f3n de responsabilidad en itlapalma.com.<\/p>\n<p><em>Este descargo de responsabilidad se genera en\u00a0<a href=\"https:\/\/disclaimerwebsitevoorbeeld.nl\/\" target=\"_blank\" rel=\"noopener noreferrer nofollow\">https:\/\/disclaimerwebsitevoorbeeld.nl\/<\/a>\u00a0y luego se traduce al Espa\u00f1ol.<\/em><\/p>\n<\/div><\/div>\n","protected":false},"excerpt":{"rendered":"<p>Descargo de responsabilidad En esta p\u00e1gina encontrar\u00e1 el descargo de responsabilidad de , puesto a disposici\u00f3n por . En este descargo de responsabilidad, indicamos bajo qu\u00e9 reservaci\u00f3n le ofrecemos la informaci\u00f3n en nuestro sitio web. Propiedad intelectual El uso de la informaci\u00f3n en este sitio web es gratuito siempre que no copie, distribuya o utilice [&hellip;]<\/p>\n","protected":false},"author":2,"featured_media":0,"parent":0,"menu_order":0,"comment_status":"closed","ping_status":"closed","template":"","meta":{"_seopress_robots_primary_cat":"","_seopress_titles_title":"","_seopress_titles_desc":"","_seopress_robots_index":"","_uag_custom_page_level_css":"","site-sidebar-layout":"default","site-content-layout":"","ast-site-content-layout":"default","site-content-style":"default","site-sidebar-style":"default","ast-global-header-display":"","ast-banner-title-visibility":"","ast-main-header-display":"","ast-hfb-above-header-display":"","ast-hfb-below-header-display":"","ast-hfb-mobile-header-display":"","site-post-title":"disabled","ast-breadcrumbs-content":"","ast-featured-img":"","footer-sml-layout":"","ast-disable-related-posts":"","theme-transparent-header-meta":"","adv-header-id-meta":"","stick-header-meta":"","header-above-stick-meta":"","header-main-stick-meta":"","header-below-stick-meta":"","astra-migrate-meta-layouts":"set","ast-page-background-enabled":"default","ast-page-background-meta":{"desktop":{"background-color":"var(--ast-global-color-4)","background-image":"","background-repeat":"repeat","background-position":"center center","background-size":"auto","background-attachment":"scroll","background-type":"","background-media":"","overlay-type":"","overlay-color":"","overlay-opacity":"","overlay-gradient":""},"tablet":{"background-color":"","background-image":"","background-repeat":"repeat","background-position":"center center","background-size":"auto","background-attachment":"scroll","background-type":"","background-media":"","overlay-type":"","overlay-color":"","overlay-opacity":"","overlay-gradient":""},"mobile":{"background-color":"","background-image":"","background-repeat":"repeat","background-position":"center center","background-size":"auto","background-attachment":"scroll","background-type":"","background-media":"","overlay-type":"","overlay-color":"","overlay-opacity":"","overlay-gradient":""}},"ast-content-background-meta":{"desktop":{"background-color":"var(--ast-global-color-5)","background-image":"","background-repeat":"repeat","background-position":"center center","background-size":"auto","background-attachment":"scroll","background-type":"","background-media":"","overlay-type":"","overlay-color":"","overlay-opacity":"","overlay-gradient":""},"tablet":{"background-color":"var(--ast-global-color-5)","background-image":"","background-repeat":"repeat","background-position":"center center","background-size":"auto","background-attachment":"scroll","background-type":"","background-media":"","overlay-type":"","overlay-color":"","overlay-opacity":"","overlay-gradient":""},"mobile":{"background-color":"var(--ast-global-color-5)","background-image":"","background-repeat":"repeat","background-position":"center center","background-size":"auto","background-attachment":"scroll","background-type":"","background-media":"","overlay-type":"","overlay-color":"","overlay-opacity":"","overlay-gradient":""}},"footnotes":""},"class_list":["post-388","page","type-page","status-publish","hentry"],"spectra_custom_meta":{"_edit_lock":["1742300272:2"],"_edit_last":["2"],"_yoast_wpseo_content_score":["60"],"_wp_page_template":[""],"_last_translation_edit_mode":["native-editor"],"_yoast_wpseo_estimated-reading-time-minutes":["2"],"astra_style_timestamp_css":["1695129344"],"adv-header-id-meta":[""],"stick-header-meta":[""],"site-post-title":["disabled"],"theme-transparent-header-meta":[""],"_yoast_wpseo_wordproof_timestamp":[""],"ast-main-header-display":[""],"ast-hfb-above-header-display":[""],"ast-hfb-below-header-display":[""],"ast-hfb-mobile-header-display":[""],"footer-sml-layout":[""],"header-main-stick-meta":[""],"header-above-stick-meta":[""],"header-below-stick-meta":[""],"site-sidebar-layout":["default"],"site-content-layout":[""],"ast-featured-img":[""],"ast-breadcrumbs-content":[""],"ast-banner-title-visibility":[""],"ast-global-header-display":[""],"ast-site-content-layout":["default"],"site-content-style":["default"],"site-sidebar-style":["default"],"wp_statistics_words_count":["296"],"_seopress_robots_primary_cat":[""],"_seopress_titles_title":[""],"_seopress_titles_desc":[""],"_seopress_robots_index":[""],"_uag_custom_page_level_css":[""],"astra-migrate-meta-layouts":["set"],"ast-page-background-enabled":["default"],"ast-page-background-meta":["a:3:{s:7:\"desktop\";a:12:{s:16:\"background-color\";s:25:\"var(--ast-global-color-4)\";s:16:\"background-image\";s:0:\"\";s:17:\"background-repeat\";s:6:\"repeat\";s:19:\"background-position\";s:13:\"center center\";s:15:\"background-size\";s:4:\"auto\";s:21:\"background-attachment\";s:6:\"scroll\";s:15:\"background-type\";s:0:\"\";s:16:\"background-media\";s:0:\"\";s:12:\"overlay-type\";s:0:\"\";s:13:\"overlay-color\";s:0:\"\";s:15:\"overlay-opacity\";s:0:\"\";s:16:\"overlay-gradient\";s:0:\"\";}s:6:\"tablet\";a:12:{s:16:\"background-color\";s:0:\"\";s:16:\"background-image\";s:0:\"\";s:17:\"background-repeat\";s:6:\"repeat\";s:19:\"background-position\";s:13:\"center center\";s:15:\"background-size\";s:4:\"auto\";s:21:\"background-attachment\";s:6:\"scroll\";s:15:\"background-type\";s:0:\"\";s:16:\"background-media\";s:0:\"\";s:12:\"overlay-type\";s:0:\"\";s:13:\"overlay-color\";s:0:\"\";s:15:\"overlay-opacity\";s:0:\"\";s:16:\"overlay-gradient\";s:0:\"\";}s:6:\"mobile\";a:12:{s:16:\"background-color\";s:0:\"\";s:16:\"background-image\";s:0:\"\";s:17:\"background-repeat\";s:6:\"repeat\";s:19:\"background-position\";s:13:\"center center\";s:15:\"background-size\";s:4:\"auto\";s:21:\"background-attachment\";s:6:\"scroll\";s:15:\"background-type\";s:0:\"\";s:16:\"background-media\";s:0:\"\";s:12:\"overlay-type\";s:0:\"\";s:13:\"overlay-color\";s:0:\"\";s:15:\"overlay-opacity\";s:0:\"\";s:16:\"overlay-gradient\";s:0:\"\";}}"],"ast-content-background-meta":["a:3:{s:7:\"desktop\";a:12:{s:16:\"background-color\";s:25:\"var(--ast-global-color-5)\";s:16:\"background-image\";s:0:\"\";s:17:\"background-repeat\";s:6:\"repeat\";s:19:\"background-position\";s:13:\"center center\";s:15:\"background-size\";s:4:\"auto\";s:21:\"background-attachment\";s:6:\"scroll\";s:15:\"background-type\";s:0:\"\";s:16:\"background-media\";s:0:\"\";s:12:\"overlay-type\";s:0:\"\";s:13:\"overlay-color\";s:0:\"\";s:15:\"overlay-opacity\";s:0:\"\";s:16:\"overlay-gradient\";s:0:\"\";}s:6:\"tablet\";a:12:{s:16:\"background-color\";s:25:\"var(--ast-global-color-5)\";s:16:\"background-image\";s:0:\"\";s:17:\"background-repeat\";s:6:\"repeat\";s:19:\"background-position\";s:13:\"center center\";s:15:\"background-size\";s:4:\"auto\";s:21:\"background-attachment\";s:6:\"scroll\";s:15:\"background-type\";s:0:\"\";s:16:\"background-media\";s:0:\"\";s:12:\"overlay-type\";s:0:\"\";s:13:\"overlay-color\";s:0:\"\";s:15:\"overlay-opacity\";s:0:\"\";s:16:\"overlay-gradient\";s:0:\"\";}s:6:\"mobile\";a:12:{s:16:\"background-color\";s:25:\"var(--ast-global-color-5)\";s:16:\"background-image\";s:0:\"\";s:17:\"background-repeat\";s:6:\"repeat\";s:19:\"background-position\";s:13:\"center center\";s:15:\"background-size\";s:4:\"auto\";s:21:\"background-attachment\";s:6:\"scroll\";s:15:\"background-type\";s:0:\"\";s:16:\"background-media\";s:0:\"\";s:12:\"overlay-type\";s:0:\"\";s:13:\"overlay-color\";s:0:\"\";s:15:\"overlay-opacity\";s:0:\"\";s:16:\"overlay-gradient\";s:0:\"\";}}"],"footnotes":[""],"_wpml_media_duplicate":["0"],"_wpml_media_featured":["0"]},"uagb_featured_image_src":{"full":false,"thumbnail":false,"medium":false,"medium_large":false,"large":false,"1536x1536":false,"2048x2048":false},"uagb_author_info":{"display_name":"itlapalma","author_link":"https:\/\/itlapalma.com\/es\/author\/itlapalma\/"},"uagb_comment_info":0,"uagb_excerpt":"Descargo de responsabilidad En esta p\u00e1gina encontrar\u00e1 el descargo de responsabilidad de , puesto a disposici\u00f3n por . En este descargo de responsabilidad, indicamos bajo qu\u00e9 reservaci\u00f3n le ofrecemos la informaci\u00f3n en nuestro sitio web. Propiedad intelectual El uso de la informaci\u00f3n en este sitio web es gratuito siempre que no copie, distribuya o utilice&hellip;","_links":{"self":[{"href":"https:\/\/itlapalma.com\/es\/wp-json\/wp\/v2\/pages\/388","targetHints":{"allow":["GET"]}}],"collection":[{"href":"https:\/\/itlapalma.com\/es\/wp-json\/wp\/v2\/pages"}],"about":[{"href":"https:\/\/itlapalma.com\/es\/wp-json\/wp\/v2\/types\/page"}],"author":[{"embeddable":true,"href":"https:\/\/itlapalma.com\/es\/wp-json\/wp\/v2\/users\/2"}],"replies":[{"embeddable":true,"href":"https:\/\/itlapalma.com\/es\/wp-json\/wp\/v2\/comments?post=388"}],"version-history":[{"count":1,"href":"https:\/\/itlapalma.com\/es\/wp-json\/wp\/v2\/pages\/388\/revisions"}],"predecessor-version":[{"id":2391,"href":"https:\/\/itlapalma.com\/es\/wp-json\/wp\/v2\/pages\/388\/revisions\/2391"}],"wp:attachment":[{"href":"https:\/\/itlapalma.com\/es\/wp-json\/wp\/v2\/media?parent=388"}],"curies":[{"name":"wp","href":"https:\/\/api.w.org\/{rel}","templated":true}]}}