{"id":381,"date":"2018-03-19T11:30:36","date_gmt":"2018-03-19T11:30:36","guid":{"rendered":"https:\/\/itlapalma.com\/?page_id=381"},"modified":"2025-03-18T12:15:49","modified_gmt":"2025-03-18T12:15:49","slug":"declaracion-de-privacidad","status":"publish","type":"page","link":"https:\/\/itlapalma.com\/es\/declaracion-de-privacidad\/","title":{"rendered":"Declaraci\u00f3n de privacidad"},"content":{"rendered":"\n<div class=\"wp-block-uagb-container uagb-block-ca9d0235 alignfull uagb-is-root-container\"><div class=\"uagb-container-inner-blocks-wrap\">\n<h1>Declaraci\u00f3n de privacidad<\/h1>\n<p>IT La Palma, ubicada en Calle Convento, 70, 38760 Los Llanos de Aridane, La Palma, Espa\u00f1a, es responsable del procesamiento de datos personales como se muestra en esta declaraci\u00f3n de privacidad.<\/p>\n<h3>Detalles de contacto<\/h3>\n<p><a href=\"http:\/\/www.itlapalma.com\" target=\"_blank\" rel=\"noopener noreferrer nofollow\">www.itlapalma.com<\/a><br \/>Calle Convento, 70<br \/>38760 Los Llanos de Aridane<br \/>La Palma<br \/>Espa\u00f1a<br \/><strong>T<\/strong> <a class=\"cfgroup-hyperlink\" href=\"tel:0034922480532\" target=\"_blank\"><span class=\"text\">+34 922 48 05 32<\/span><\/a><\/p>\n<h3>Datos personales que procesamos<\/h3>\n<p>IT La Palma procesa sus datos personales mediante el uso de nuestros servicios y \/ o proporcion\u00e1ndonos esta informaci\u00f3n.<\/p>\n<p>A continuaci\u00f3n se muestra una descripci\u00f3n general de los datos personales que procesamos:<\/p>\n<ul>\n<li>Nombre y apellido<\/li>\n<li>Direcci\u00f3n de correo electr\u00f3nico<\/li>\n<li>Otros datos personales que usted proporciona activamente, por ejemplo, en correspondencia y por tel\u00e9fono<\/li>\n<\/ul>\n<p><strong>Datos personales especiales y \/ o sensibles que procesamos<\/strong><\/p>\n<p>Nuestro sitio web y \/ o servicio no tiene la intenci\u00f3n de recopilar datos sobre los visitantes del sitio web que son menores de 16 a\u00f1os. A menos que tengan permiso de los padres o tutores. Sin embargo, no podemos verificar si un visitante es mayor de 16 a\u00f1os. Animamos a los padres a participar en las actividades en l\u00ednea de sus hijos, a fin de evitar que se recopile informaci\u00f3n sobre ni\u00f1os sin el consentimiento de los padres. Si est\u00e1 convencido de que hemos recopilado informaci\u00f3n personal sobre un menor sin este consentimiento, cont\u00e1ctenos a trav\u00e9s de <a class=\"cfgroup-hyperlink\" href=\"mailto:info@itlapalma.com\" target=\"_blank\"><span class=\"text\">info@itlapalma.com<\/span><\/a> y borraremos esta informaci\u00f3n.<\/p>\n<p><strong>\u00bfPara qu\u00e9 y sobre qu\u00e9 base procesamos los datos personales?<\/strong><\/p>\n<p>IT La Palma procesa sus datos personales para los siguientes prop\u00f3sitos:<br \/>&#8211; Podemos enviarle un correo electr\u00f3nico si es necesario para llevar a cabo nuestros servicios<\/p>\n<h3>Toma de decisiones automatizada<\/h3>\n<p>IT La Palma no toma decisiones basadas en el procesamiento automatizado de asuntos que puedan tener consecuencias (significativas) para las personas. Estas son decisiones tomadas por programas o sistemas de computadora, sin involucrar a una persona (por ejemplo, un empleado de IT La Palma).<\/p>\n<h3>Cuanto tiempo almacenamos datos personales<\/h3>\n<p>IT La Palma no almacena sus datos personales m\u00e1s de lo estrictamente necesario para realizar los fines para los cuales se recopilan sus datos. Mantenemos su direcci\u00f3n de correo electr\u00f3nico en nuestra cuenta de Google Mail hasta que completemos su solicitud o hasta que deje de ser cliente.<\/p>\n<h3>Compartir datos personales con terceros<\/h3>\n<p>IT La Palma no proporciona sus datos personales a terceros, excepto cuando esto sea necesario para la ejecuci\u00f3n de nuestro acuerdo con usted o para cumplir con una obligaci\u00f3n legal.<\/p>\n<h3>Cookies, o t\u00e9cnicas similares, que usamos<\/h3>\n<p>IT La Palma utiliza solo cookies t\u00e9cnicas y funcionales. Y cookies anal\u00edticas que no infringen su privacidad. Una cookie es un peque\u00f1o archivo de texto que se almacena en su computadora, tableta o tel\u00e9fono inteligente durante la primera visita a este sitio web. Las cookies que utilizamos son necesarias para el funcionamiento t\u00e9cnico del sitio web y su facilidad de uso. Se aseguran de que el sitio web funcione correctamente y recuerde, por ejemplo, sus preferencias. Tambi\u00e9n podemos optimizar nuestro sitio web con esto. Puede inhabilitar las cookies configurando su navegador de Internet para que ya no almacene cookies. Adem\u00e1s, tambi\u00e9n puede eliminar toda la informaci\u00f3n guardada previamente a trav\u00e9s de la configuraci\u00f3n de su navegador.<\/p>\n<h3>Ver, modificar o eliminar datos<\/h3>\n<p>Usted tiene derecho a ver, corregir o eliminar sus datos personales. Tambi\u00e9n tiene derecho a retirar su consentimiento para el procesamiento de datos u objetar el procesamiento de sus datos personales por parte de IT La Palma y usted tiene derecho a la portabilidad de datos. Esto significa que puede enviarnos una solicitud para que enviemos la informaci\u00f3n personal que tenemos a usted u otra organizaci\u00f3n mencionada por usted en un archivo inform\u00e1tico.<\/p>\n<p>Puede enviar una solicitud de acceso, correcci\u00f3n, eliminaci\u00f3n, transferencia de datos personales o solicitar la cancelaci\u00f3n de su consentimiento u objeci\u00f3n al procesamiento de sus datos personales a <a class=\"cfgroup-hyperlink\" href=\"mailto:info@itlapalma.com\" target=\"_blank\"><span class=\"text\">info@itlapalma.com<\/span><\/a>.<\/p>\n<p>Para asegurarse de que la solicitud de acceso haya sido realizada por usted, le pedimos que env\u00ede una copia de su identificaci\u00f3n con la solicitud. Haga su foto de pasaporte, ZLM (zona legible por m\u00e1quina, la franja con n\u00fameros en la parte inferior del pasaporte), n\u00famero de pasaporte y n\u00famero de servicio ciudadano (BSN) en negro en esta copia. Esto es para proteger su privacidad. Respondemos lo m\u00e1s r\u00e1pido posible, pero dentro de las cuatro semanas, a petici\u00f3n suya.<\/p>\n<h3>Derecho de queja ante las autoridades de supervisi\u00f3n competentes<\/h3>\n<p>En caso de violaci\u00f3n de la ley de protecci\u00f3n de datos, el interesado tiene derecho a recurrir ante la autoridad supervisora \u200b\u200bcompetente. La autoridad de supervisi\u00f3n competente en materia de protecci\u00f3n de datos es la \u00abAgencia Espa\u00f1ola de Protecci\u00f3n de Datos\u00bb. Sus datos de contacto se pueden encontrar en el siguiente enlace: <a href=\"https:\/\/www.aepd.es\/agencia\/contacto.html\" target=\"_blank\" rel=\"noopener noreferrer nofollow\">https:\/\/www.aepd.es\/agencia\/contacto.html<\/a><\/p>\n<h3>C\u00f3mo protegemos los datos personales<\/h3>\n<p>IT La Palma toma en serio la protecci\u00f3n de sus datos y toma las medidas adecuadas para evitar el uso indebido, la p\u00e9rdida, el acceso no autorizado, la divulgaci\u00f3n no deseada y las modificaciones no autorizadas. Si siente que sus datos no est\u00e1n asegurados adecuadamente o hay indicios de abuso, cont\u00e1ctenos a <a class=\"cfgroup-hyperlink\" href=\"mailto:info@itlapalma.com\" target=\"_blank\"><span class=\"text\">info@itlapalma.com<\/span><\/a>.<\/p>\n<p>Esta declaraci\u00f3n de privacidad se ha compilado a trav\u00e9s de este sitio web <a href=\"https:\/\/veiliginternetten.nl\/privacyverklaring\/\" target=\"_blank\" rel=\"noopener noreferrer nofollow\">https:\/\/veiliginternetten.nl\/privacyverklaring\/<\/a>\u00a0 y luego se ha traducido al Espa\u00f1ol.<\/p>\n<\/div><\/div>\n","protected":false},"excerpt":{"rendered":"<p>Declaraci\u00f3n de privacidad , ubicada en , , , , es responsable del procesamiento de datos personales como se muestra en esta declaraci\u00f3n de privacidad. Detalles de contacto www.itlapalma.com T Datos personales que procesamos procesa sus datos personales mediante el uso de nuestros servicios y \/ o proporcion\u00e1ndonos esta informaci\u00f3n. A continuaci\u00f3n se muestra una [&hellip;]<\/p>\n","protected":false},"author":2,"featured_media":0,"parent":0,"menu_order":0,"comment_status":"closed","ping_status":"closed","template":"","meta":{"_seopress_robots_primary_cat":"","_seopress_titles_title":"","_seopress_titles_desc":"","_seopress_robots_index":"","_uag_custom_page_level_css":"","site-sidebar-layout":"default","site-content-layout":"","ast-site-content-layout":"default","site-content-style":"default","site-sidebar-style":"default","ast-global-header-display":"","ast-banner-title-visibility":"","ast-main-header-display":"","ast-hfb-above-header-display":"","ast-hfb-below-header-display":"","ast-hfb-mobile-header-display":"","site-post-title":"disabled","ast-breadcrumbs-content":"","ast-featured-img":"","footer-sml-layout":"","ast-disable-related-posts":"","theme-transparent-header-meta":"","adv-header-id-meta":"","stick-header-meta":"","header-above-stick-meta":"","header-main-stick-meta":"","header-below-stick-meta":"","astra-migrate-meta-layouts":"set","ast-page-background-enabled":"default","ast-page-background-meta":{"desktop":{"background-color":"var(--ast-global-color-4)","background-image":"","background-repeat":"repeat","background-position":"center center","background-size":"auto","background-attachment":"scroll","background-type":"","background-media":"","overlay-type":"","overlay-color":"","overlay-opacity":"","overlay-gradient":""},"tablet":{"background-color":"","background-image":"","background-repeat":"repeat","background-position":"center center","background-size":"auto","background-attachment":"scroll","background-type":"","background-media":"","overlay-type":"","overlay-color":"","overlay-opacity":"","overlay-gradient":""},"mobile":{"background-color":"","background-image":"","background-repeat":"repeat","background-position":"center center","background-size":"auto","background-attachment":"scroll","background-type":"","background-media":"","overlay-type":"","overlay-color":"","overlay-opacity":"","overlay-gradient":""}},"ast-content-background-meta":{"desktop":{"background-color":"var(--ast-global-color-5)","background-image":"","background-repeat":"repeat","background-position":"center center","background-size":"auto","background-attachment":"scroll","background-type":"","background-media":"","overlay-type":"","overlay-color":"","overlay-opacity":"","overlay-gradient":""},"tablet":{"background-color":"var(--ast-global-color-5)","background-image":"","background-repeat":"repeat","background-position":"center center","background-size":"auto","background-attachment":"scroll","background-type":"","background-media":"","overlay-type":"","overlay-color":"","overlay-opacity":"","overlay-gradient":""},"mobile":{"background-color":"var(--ast-global-color-5)","background-image":"","background-repeat":"repeat","background-position":"center center","background-size":"auto","background-attachment":"scroll","background-type":"","background-media":"","overlay-type":"","overlay-color":"","overlay-opacity":"","overlay-gradient":""}},"footnotes":""},"class_list":["post-381","page","type-page","status-publish","hentry"],"spectra_custom_meta":{"_edit_lock":["1742300150:2"],"_edit_last":["2"],"_yoast_wpseo_content_score":["60"],"_wp_page_template":[""],"_last_translation_edit_mode":["native-editor"],"_yoast_wpseo_estimated-reading-time-minutes":["4"],"astra_style_timestamp_css":["1695129342"],"_yoast_wpseo_wordproof_timestamp":[""],"adv-header-id-meta":[""],"stick-header-meta":[""],"site-post-title":["disabled"],"theme-transparent-header-meta":[""],"ast-main-header-display":[""],"ast-hfb-above-header-display":[""],"ast-hfb-below-header-display":[""],"ast-hfb-mobile-header-display":[""],"footer-sml-layout":[""],"header-main-stick-meta":[""],"header-above-stick-meta":[""],"header-below-stick-meta":[""],"site-sidebar-layout":["default"],"site-content-layout":[""],"ast-featured-img":[""],"ast-breadcrumbs-content":[""],"ast-banner-title-visibility":[""],"ast-global-header-display":[""],"ast-site-content-layout":["default"],"site-content-style":["default"],"site-sidebar-style":["default"],"wp_statistics_words_count":["793"],"_seopress_robots_primary_cat":[""],"_seopress_titles_title":[""],"_seopress_titles_desc":[""],"_seopress_robots_index":[""],"_uag_custom_page_level_css":[""],"astra-migrate-meta-layouts":["set"],"ast-page-background-enabled":["default"],"ast-page-background-meta":["a:3:{s:7:\"desktop\";a:12:{s:16:\"background-color\";s:25:\"var(--ast-global-color-4)\";s:16:\"background-image\";s:0:\"\";s:17:\"background-repeat\";s:6:\"repeat\";s:19:\"background-position\";s:13:\"center center\";s:15:\"background-size\";s:4:\"auto\";s:21:\"background-attachment\";s:6:\"scroll\";s:15:\"background-type\";s:0:\"\";s:16:\"background-media\";s:0:\"\";s:12:\"overlay-type\";s:0:\"\";s:13:\"overlay-color\";s:0:\"\";s:15:\"overlay-opacity\";s:0:\"\";s:16:\"overlay-gradient\";s:0:\"\";}s:6:\"tablet\";a:12:{s:16:\"background-color\";s:0:\"\";s:16:\"background-image\";s:0:\"\";s:17:\"background-repeat\";s:6:\"repeat\";s:19:\"background-position\";s:13:\"center center\";s:15:\"background-size\";s:4:\"auto\";s:21:\"background-attachment\";s:6:\"scroll\";s:15:\"background-type\";s:0:\"\";s:16:\"background-media\";s:0:\"\";s:12:\"overlay-type\";s:0:\"\";s:13:\"overlay-color\";s:0:\"\";s:15:\"overlay-opacity\";s:0:\"\";s:16:\"overlay-gradient\";s:0:\"\";}s:6:\"mobile\";a:12:{s:16:\"background-color\";s:0:\"\";s:16:\"background-image\";s:0:\"\";s:17:\"background-repeat\";s:6:\"repeat\";s:19:\"background-position\";s:13:\"center center\";s:15:\"background-size\";s:4:\"auto\";s:21:\"background-attachment\";s:6:\"scroll\";s:15:\"background-type\";s:0:\"\";s:16:\"background-media\";s:0:\"\";s:12:\"overlay-type\";s:0:\"\";s:13:\"overlay-color\";s:0:\"\";s:15:\"overlay-opacity\";s:0:\"\";s:16:\"overlay-gradient\";s:0:\"\";}}"],"ast-content-background-meta":["a:3:{s:7:\"desktop\";a:12:{s:16:\"background-color\";s:25:\"var(--ast-global-color-5)\";s:16:\"background-image\";s:0:\"\";s:17:\"background-repeat\";s:6:\"repeat\";s:19:\"background-position\";s:13:\"center center\";s:15:\"background-size\";s:4:\"auto\";s:21:\"background-attachment\";s:6:\"scroll\";s:15:\"background-type\";s:0:\"\";s:16:\"background-media\";s:0:\"\";s:12:\"overlay-type\";s:0:\"\";s:13:\"overlay-color\";s:0:\"\";s:15:\"overlay-opacity\";s:0:\"\";s:16:\"overlay-gradient\";s:0:\"\";}s:6:\"tablet\";a:12:{s:16:\"background-color\";s:25:\"var(--ast-global-color-5)\";s:16:\"background-image\";s:0:\"\";s:17:\"background-repeat\";s:6:\"repeat\";s:19:\"background-position\";s:13:\"center center\";s:15:\"background-size\";s:4:\"auto\";s:21:\"background-attachment\";s:6:\"scroll\";s:15:\"background-type\";s:0:\"\";s:16:\"background-media\";s:0:\"\";s:12:\"overlay-type\";s:0:\"\";s:13:\"overlay-color\";s:0:\"\";s:15:\"overlay-opacity\";s:0:\"\";s:16:\"overlay-gradient\";s:0:\"\";}s:6:\"mobile\";a:12:{s:16:\"background-color\";s:25:\"var(--ast-global-color-5)\";s:16:\"background-image\";s:0:\"\";s:17:\"background-repeat\";s:6:\"repeat\";s:19:\"background-position\";s:13:\"center center\";s:15:\"background-size\";s:4:\"auto\";s:21:\"background-attachment\";s:6:\"scroll\";s:15:\"background-type\";s:0:\"\";s:16:\"background-media\";s:0:\"\";s:12:\"overlay-type\";s:0:\"\";s:13:\"overlay-color\";s:0:\"\";s:15:\"overlay-opacity\";s:0:\"\";s:16:\"overlay-gradient\";s:0:\"\";}}"],"footnotes":[""],"_wpml_media_duplicate":["0"],"_wpml_media_featured":["0"],"_uag_page_assets":["a:9:{s:3:\"css\";s:2437:\".wp-block-uagb-container.uagb-block-ca9d0235 .uagb-container__shape-top svg{width: calc( 100% + 1.3px );}.wp-block-uagb-container.uagb-block-ca9d0235 .uagb-container__shape.uagb-container__shape-top .uagb-container__shape-fill{fill: rgba(51,51,51,1);}.wp-block-uagb-container.uagb-block-ca9d0235 .uagb-container__shape-bottom svg{width: calc( 100% + 1.3px );}.wp-block-uagb-container.uagb-block-ca9d0235 .uagb-container__shape.uagb-container__shape-bottom .uagb-container__shape-fill{fill: rgba(51,51,51,1);}.wp-block-uagb-container.uagb-block-ca9d0235 .uagb-container__video-wrap video{opacity: 1;}.wp-block-uagb-container.uagb-is-root-container .uagb-block-ca9d0235{max-width: 100%;width: 100%;}.wp-block-uagb-container.uagb-is-root-container.alignfull.uagb-block-ca9d0235 > .uagb-container-inner-blocks-wrap{--inner-content-custom-width: min( 100%, 1150px);max-width: var(--inner-content-custom-width);width: 100%;flex-direction: column;align-items: flex-start;justify-content: flex-start;flex-wrap: nowrap;row-gap: 0px;column-gap: 0px;}.wp-block-uagb-container.uagb-block-ca9d0235{box-shadow: 0px 0px   #00000070 ;padding-top: 10px;padding-bottom: 10px;padding-left: 10px;padding-right: 10px;margin-top:  !important;margin-bottom:  !important;overflow: visible;order: initial;border-color: inherit;row-gap: 0px;column-gap: 0px;}@media only screen and (max-width: 976px) {.wp-block-uagb-container.uagb-is-root-container .uagb-block-ca9d0235{width: 100%;}.wp-block-uagb-container.uagb-is-root-container.alignfull.uagb-block-ca9d0235 > .uagb-container-inner-blocks-wrap{--inner-content-custom-width: min( 100%, 1024px);max-width: var(--inner-content-custom-width);width: 100%;}.wp-block-uagb-container.uagb-block-ca9d0235{padding-top: 10px;padding-bottom: 10px;padding-left: 10px;padding-right: 10px;margin-top:  !important;margin-bottom:  !important;order: initial;}}@media only screen and (max-width: 767px) {.wp-block-uagb-container.uagb-is-root-container .uagb-block-ca9d0235{max-width: 100%;width: 100%;}.wp-block-uagb-container.uagb-is-root-container.alignfull.uagb-block-ca9d0235 > .uagb-container-inner-blocks-wrap{--inner-content-custom-width: min( 100%, 767px);max-width: var(--inner-content-custom-width);width: 100%;flex-wrap: wrap;}.wp-block-uagb-container.uagb-block-ca9d0235{padding-top: 10px;padding-bottom: 10px;padding-left: 10px;padding-right: 10px;margin-top:  !important;margin-bottom:  !important;order: initial;}}\";s:2:\"js\";s:0:\"\";s:18:\"current_block_list\";a:2:{i:0;s:14:\"uagb\/container\";i:1;s:13:\"core\/freeform\";}s:8:\"uag_flag\";b:1;s:11:\"uag_version\";s:10:\"1775467244\";s:6:\"gfonts\";a:0:{}s:10:\"gfonts_url\";s:0:\"\";s:12:\"gfonts_files\";a:0:{}s:14:\"uag_faq_layout\";b:0;}"]},"uagb_featured_image_src":{"full":false,"thumbnail":false,"medium":false,"medium_large":false,"large":false,"1536x1536":false,"2048x2048":false},"uagb_author_info":{"display_name":"itlapalma","author_link":"https:\/\/itlapalma.com\/es\/author\/itlapalma\/"},"uagb_comment_info":0,"uagb_excerpt":"Declaraci\u00f3n de privacidad , ubicada en , , , , es responsable del procesamiento de datos personales como se muestra en esta declaraci\u00f3n de privacidad. Detalles de contacto www.itlapalma.com T Datos personales que procesamos procesa sus datos personales mediante el uso de nuestros servicios y \/ o proporcion\u00e1ndonos esta informaci\u00f3n. A continuaci\u00f3n se muestra una&hellip;","_links":{"self":[{"href":"https:\/\/itlapalma.com\/es\/wp-json\/wp\/v2\/pages\/381","targetHints":{"allow":["GET"]}}],"collection":[{"href":"https:\/\/itlapalma.com\/es\/wp-json\/wp\/v2\/pages"}],"about":[{"href":"https:\/\/itlapalma.com\/es\/wp-json\/wp\/v2\/types\/page"}],"author":[{"embeddable":true,"href":"https:\/\/itlapalma.com\/es\/wp-json\/wp\/v2\/users\/2"}],"replies":[{"embeddable":true,"href":"https:\/\/itlapalma.com\/es\/wp-json\/wp\/v2\/comments?post=381"}],"version-history":[{"count":2,"href":"https:\/\/itlapalma.com\/es\/wp-json\/wp\/v2\/pages\/381\/revisions"}],"predecessor-version":[{"id":2384,"href":"https:\/\/itlapalma.com\/es\/wp-json\/wp\/v2\/pages\/381\/revisions\/2384"}],"wp:attachment":[{"href":"https:\/\/itlapalma.com\/es\/wp-json\/wp\/v2\/media?parent=381"}],"curies":[{"name":"wp","href":"https:\/\/api.w.org\/{rel}","templated":true}]}}