{"id":1143,"date":"2023-01-24T10:30:39","date_gmt":"2023-01-24T10:30:39","guid":{"rendered":"https:\/\/itlapalma.com\/?page_id=1143"},"modified":"2024-10-10T12:13:05","modified_gmt":"2024-10-10T12:13:05","slug":"it-servicios-para-empresas","status":"publish","type":"page","link":"https:\/\/itlapalma.com\/es\/servicios\/it-servicios-para-empresas\/","title":{"rendered":"IT servicios para empresas"},"content":{"rendered":"<h1>IT servicios para empresas<\/h1>\n<h2>\u00bfUsted tiene un negocio y quiere obtener asesoramiento sobre su entorno?<\/h2>\n<p>Con el conocimiento que hemos acumulado en los \u00faltimos a\u00f1os podemos ayudarle con la mejor utilizaci\u00f3n de sus recursos de ti.<\/p>\n<h3>Usted tiene todo en casa, pero \u00bfutiliza los recursos \u00f3ptimamente?<\/h3>\n<p>\u00bfUsted reconoce esto?<\/p>\n<ul>\n<li>\u00bfTiene usted un sitio web pero ya no funciona bien?<\/li>\n<li>\u00bfTiene usted s\u00f3lo unos pocos equipos en la empresa y los quiere dejar gestionados?<\/li>\n<li>\u00bfQuiere renovar sus ordenadores?<\/li>\n<\/ul>\n<h3>\u00a1Es el momento de obtener nuestro consejo!<\/h3>\n<h3>\u00bfQu\u00e9 podemos hacer para usted?<\/h3>\n<p>Con todas las preguntas anteriores podemos ayudarle. Las empresas generalmente s\u00f3lo asesoramos, la ejecuci\u00f3n la dejamos a empresas especializadas. Hay algunas excepciones:<\/p>\n<ul>\n<li>Construcci\u00f3n y gesti\u00f3n de su sitio web, consulte nuestro servicio de \u00ab<a href=\"\/es\/servicios\/diseno-de-sitio-web\">Construcci\u00f3n de sitio web y mantenimiento<\/a>\u00ab<\/li>\n<li>Mantenimiento de ordenadores para empresas con hasta 5 computadoras, ver nuestro servicio \u00ab<a href=\"\/es\/servicios\/administracion-de-equipos\">Administraci\u00f3n de equipos<\/a>\u00ab<\/li>\n<\/ul>\n<h3>Precios.<\/h3>\n<p>Con usted podemos calcular las horas de trabajo y ofertarle un precio final. El coste por hora es de 50,00 \u20ac, dependiendo del tipo de trabajo.<\/p>\n<h3>\u00bfPreguntas?<\/h3>\n<p>\u00bfSi tiene alguna pregunta o desea unaoferta de pago? Por favor utilice nuestro formulario de\u00a0<a href=\"\/es\/contacto\">contacto<\/a>.<\/p>\n","protected":false},"excerpt":{"rendered":"<p>IT servicios para empresas \u00bfUsted tiene un negocio y quiere obtener asesoramiento sobre su entorno? Con el conocimiento que hemos acumulado en los \u00faltimos a\u00f1os podemos ayudarle con la mejor utilizaci\u00f3n de sus recursos de ti. Usted tiene todo en casa, pero \u00bfutiliza los recursos \u00f3ptimamente? \u00bfUsted reconoce esto? \u00bfTiene usted un sitio web pero [&hellip;]<\/p>\n","protected":false},"author":2,"featured_media":0,"parent":1129,"menu_order":0,"comment_status":"closed","ping_status":"closed","template":"","meta":{"_seopress_robots_primary_cat":"","_seopress_titles_title":"","_seopress_titles_desc":"","_seopress_robots_index":"","_uag_custom_page_level_css":"","site-sidebar-layout":"default","site-content-layout":"","ast-site-content-layout":"default","site-content-style":"default","site-sidebar-style":"default","ast-global-header-display":"","ast-banner-title-visibility":"","ast-main-header-display":"","ast-hfb-above-header-display":"","ast-hfb-below-header-display":"","ast-hfb-mobile-header-display":"","site-post-title":"disabled","ast-breadcrumbs-content":"","ast-featured-img":"","footer-sml-layout":"","ast-disable-related-posts":"","theme-transparent-header-meta":"","adv-header-id-meta":"","stick-header-meta":"","header-above-stick-meta":"","header-main-stick-meta":"","header-below-stick-meta":"","astra-migrate-meta-layouts":"set","ast-page-background-enabled":"default","ast-page-background-meta":{"desktop":{"background-color":"var(--ast-global-color-4)","background-image":"","background-repeat":"repeat","background-position":"center center","background-size":"auto","background-attachment":"scroll","background-type":"","background-media":"","overlay-type":"","overlay-color":"","overlay-opacity":"","overlay-gradient":""},"tablet":{"background-color":"","background-image":"","background-repeat":"repeat","background-position":"center center","background-size":"auto","background-attachment":"scroll","background-type":"","background-media":"","overlay-type":"","overlay-color":"","overlay-opacity":"","overlay-gradient":""},"mobile":{"background-color":"","background-image":"","background-repeat":"repeat","background-position":"center center","background-size":"auto","background-attachment":"scroll","background-type":"","background-media":"","overlay-type":"","overlay-color":"","overlay-opacity":"","overlay-gradient":""}},"ast-content-background-meta":{"desktop":{"background-color":"var(--ast-global-color-5)","background-image":"","background-repeat":"repeat","background-position":"center center","background-size":"auto","background-attachment":"scroll","background-type":"","background-media":"","overlay-type":"","overlay-color":"","overlay-opacity":"","overlay-gradient":""},"tablet":{"background-color":"var(--ast-global-color-5)","background-image":"","background-repeat":"repeat","background-position":"center center","background-size":"auto","background-attachment":"scroll","background-type":"","background-media":"","overlay-type":"","overlay-color":"","overlay-opacity":"","overlay-gradient":""},"mobile":{"background-color":"var(--ast-global-color-5)","background-image":"","background-repeat":"repeat","background-position":"center center","background-size":"auto","background-attachment":"scroll","background-type":"","background-media":"","overlay-type":"","overlay-color":"","overlay-opacity":"","overlay-gradient":""}},"footnotes":""},"class_list":["post-1143","page","type-page","status-publish","hentry"],"spectra_custom_meta":{"_edit_lock":["1728562385:2"],"_wpml_word_count":["{\"total\":0,\"to_translate\":{\"nl\":12,\"en\":12,\"de\":12,\"es\":12}}"],"_uag_custom_page_level_css":[""],"site-post-title":["disabled"],"theme-transparent-header-meta":[""],"adv-header-id-meta":[""],"stick-header-meta":[""],"_edit_last":["2"],"_wp_page_template":[""],"_wpml_media_duplicate":["1"],"_wpml_media_featured":["1"],"_last_translation_edit_mode":["native-editor"],"_yoast_wpseo_estimated-reading-time-minutes":["2"],"_yoast_wpseo_wordproof_timestamp":[""],"astra_style_timestamp_css":["1695030977"],"_yoast_wpseo_content_score":["90"],"ast-site-content-layout":["default"],"wp_statistics_words_count":["175"],"_seopress_robots_primary_cat":[""],"_seopress_titles_title":[""],"_seopress_titles_desc":[""],"_seopress_robots_index":[""],"astra-migrate-meta-layouts":["set"],"footnotes":[""],"_uag_page_assets":["a:9:{s:3:\"css\";s:0:\"\";s:2:\"js\";s:0:\"\";s:18:\"current_block_list\";a:0:{}s:8:\"uag_flag\";b:0;s:11:\"uag_version\";s:10:\"1775467244\";s:6:\"gfonts\";a:0:{}s:10:\"gfonts_url\";s:0:\"\";s:12:\"gfonts_files\";a:0:{}s:14:\"uag_faq_layout\";b:0;}"]},"uagb_featured_image_src":{"full":false,"thumbnail":false,"medium":false,"medium_large":false,"large":false,"1536x1536":false,"2048x2048":false},"uagb_author_info":{"display_name":"itlapalma","author_link":"https:\/\/itlapalma.com\/es\/author\/itlapalma\/"},"uagb_comment_info":0,"uagb_excerpt":"IT servicios para empresas \u00bfUsted tiene un negocio y quiere obtener asesoramiento sobre su entorno? Con el conocimiento que hemos acumulado en los \u00faltimos a\u00f1os podemos ayudarle con la mejor utilizaci\u00f3n de sus recursos de ti. Usted tiene todo en casa, pero \u00bfutiliza los recursos \u00f3ptimamente? \u00bfUsted reconoce esto? \u00bfTiene usted un sitio web pero&hellip;","_links":{"self":[{"href":"https:\/\/itlapalma.com\/es\/wp-json\/wp\/v2\/pages\/1143","targetHints":{"allow":["GET"]}}],"collection":[{"href":"https:\/\/itlapalma.com\/es\/wp-json\/wp\/v2\/pages"}],"about":[{"href":"https:\/\/itlapalma.com\/es\/wp-json\/wp\/v2\/types\/page"}],"author":[{"embeddable":true,"href":"https:\/\/itlapalma.com\/es\/wp-json\/wp\/v2\/users\/2"}],"replies":[{"embeddable":true,"href":"https:\/\/itlapalma.com\/es\/wp-json\/wp\/v2\/comments?post=1143"}],"version-history":[{"count":1,"href":"https:\/\/itlapalma.com\/es\/wp-json\/wp\/v2\/pages\/1143\/revisions"}],"predecessor-version":[{"id":2302,"href":"https:\/\/itlapalma.com\/es\/wp-json\/wp\/v2\/pages\/1143\/revisions\/2302"}],"up":[{"embeddable":true,"href":"https:\/\/itlapalma.com\/es\/wp-json\/wp\/v2\/pages\/1129"}],"wp:attachment":[{"href":"https:\/\/itlapalma.com\/es\/wp-json\/wp\/v2\/media?parent=1143"}],"curies":[{"name":"wp","href":"https:\/\/api.w.org\/{rel}","templated":true}]}}