{"id":1141,"date":"2023-01-24T10:30:00","date_gmt":"2023-01-24T10:30:00","guid":{"rendered":"https:\/\/itlapalma.com\/?page_id=1141"},"modified":"2024-10-10T12:12:15","modified_gmt":"2024-10-10T12:12:15","slug":"diseno-de-sitio-web","status":"publish","type":"page","link":"https:\/\/itlapalma.com\/es\/servicios\/diseno-de-sitio-web\/","title":{"rendered":"Dise\u00f1o de sitio web\u00a0y mantenimiento t\u00e9cnico"},"content":{"rendered":"<h1>Creaci\u00f3n y gesti\u00f3n de sitios web<\/h1>\n<h2>\u00bfTodav\u00eda no tiene su sitio web o \u00e9ste necesita ser actualizado?<\/h2>\n<p>Dise\u00f1amos su nuevo sitio web y realizamos el mantenimiento t\u00e9cnico.<\/p>\n<h3>\u00bfYa tiene un sitio web?<\/h3>\n<p>La tecnolog\u00eda de los sitios web va muy r\u00e1pida. Con el surgimiento de nuevos navegadores como Chrome y Firefox, junto a los smartphones y tabletas, un sitio que fue construido hace unos a\u00f1os ahora no funciona bien. Abra su sitio en un smartphone y ver\u00e1 a lo que nos referimos (lo que queremos decir). En t\u00e9rminos t\u00e9cnicos esto significa que el sitio no es \u00absensible\u00bb, no se adapta al tama\u00f1o de las diferentes pantallas.<\/p>\n<h3>\u00bfNo tiene un sitio web?<\/h3>\n<p>Con la llegada de los nuevos dispositivos m\u00f3viles casi nadie utiliza ya una gu\u00eda telef\u00f3nica y busca su empresa en Internet. \u00bfNo cuenta con ninguna p\u00e1gina de Internet? Entonces su negocio ser\u00e1 m\u00e1s dificil de encontrar. Podemos construir un sitio web moderno para usted por un buen precio y usted mismo puede gestionar el contenido.<\/p>\n<h4>Ha llegado el momento para crear o renovar su sitio web.<\/h4>\n<h3>\u00bfQu\u00e9 podemos hacer para usted?<\/h3>\n<p>Construimos su nuevo sitio en un supuesto gestor de contenidos (CMS). As\u00ed podemos instalar las funciones t\u00e9cnicas y el contenido (textos, im\u00e1genes y documentos). Por otra parte, tambi\u00e9n podemos a\u00f1adir contenido para usted si usted no quiere hacer nada en absoluto. Preferimos utilizar WordPress. Tambi\u00e9n podemos construir una tienda web con WordPress\/Woocommerce incluyendo el pago en l\u00ednea.<\/p>\n<h3>Capacidad de b\u00fasqueda de su sitio.<\/h3>\n<p>Por supuesto, hay que encontrar f\u00e1cilmente su sitio en internet. As\u00ed que el CMS cuenta con todo tipo de posibilidades para mejorar lalocalizaci\u00f3n. Tambi\u00e9n Google tiene herramientas con que le podemos ayudar. Por lo general, tener una sola p\u00e1gina web no es suficiente. Tambi\u00e9n su presencia en canales de medios sociales como Facebook, Pinterest y Instagram es importante para una mejor visibilidad. Nosotros podemos ayudarle con una combinaci\u00f3n de presencia en Internet.<\/p>\n<h3>Mantenimiento t\u00e9cnico del sitio.<\/h3>\n<p>Lamentablemente, despu\u00e9s de la construcci\u00f3n del sitio web no est\u00e1 ya todo hecho. Cada sitio puede ser blanco de los hackers, a la vez que se imponen nuevos navegadores y dispositivos m\u00f3viles. Por lo tanto, nuevas versiones y actualizaciones (urgentes) inmediatas en el CMS llegan a menudo. Contamos con una suscripci\u00f3n anual para el mantenimiento t\u00e9cnico de su sitio.Lo actualizamos en modo de prueba y luego lo instalamos en su sitio Web. Una vez al mes nos encargamos de la seguridad de su sitio y le damos apoyo en el manejo del mismo.<\/p>\n<h3>Traducciones<\/h3>\n<p>Si tiene contenido en alem\u00e1n y \/ o en ingl\u00e9s, podemos hacer una versi\u00f3n holandesa para usted. Esto es importante para los clientes en La Palma porque cada vez m\u00e1s visitantes holandeses vienen a la isla.<\/p>\n<h3>Precios.<\/h3>\n<p>El precio para la construcci\u00f3n de su sitio de Internet depende de lo que exactamente necesite. Mediante del uso de aplicaciones est\u00e1ndar, ofrecemos sitios por menos de 150,00 \u20ac. Los precios para el mantenimiento anual se establecen a partir de 125,00 \u20ac, dependiendo de la cantidad de caracter\u00edsticas del sitio. La suscripci\u00f3n funciona por a\u00f1o calendario y le pedimos que si desea continuar la suscripci\u00f3n. Dado los reducidos gastos no hay posibilidad de reembolso al dar por terminada su suscripci\u00f3n.<\/p>\n<h3>\u00bfGarant\u00eda?<\/h3>\n<p>Hacemos lo mejor para mantener su sitio de Internet a salvo y sin problemas. Sin embargo, no podemos garantizarle un 100% seguridad debido a que las influencias externas son demasiado grandes, pero s\u00ed podemos minimizar los riesgos. Sin embargo, podemos, ayudar a reducir los efectos de un problema.<\/p>\n<h3>\u00bfPreguntas?<\/h3>\n<p>i tiene alguna duda o desea consultar nuestras ofertas, por favor, utilice nuestro formulario de\u00a0<a href=\"\/es\/contacto\">contacto<\/a>.<\/p>\n","protected":false},"excerpt":{"rendered":"<p>Creaci\u00f3n y gesti\u00f3n de sitios web \u00bfTodav\u00eda no tiene su sitio web o \u00e9ste necesita ser actualizado? Dise\u00f1amos su nuevo sitio web y realizamos el mantenimiento t\u00e9cnico. \u00bfYa tiene un sitio web? La tecnolog\u00eda de los sitios web va muy r\u00e1pida. Con el surgimiento de nuevos navegadores como Chrome y Firefox, junto a los smartphones [&hellip;]<\/p>\n","protected":false},"author":2,"featured_media":0,"parent":1129,"menu_order":0,"comment_status":"closed","ping_status":"closed","template":"","meta":{"_seopress_robots_primary_cat":"","_seopress_titles_title":"","_seopress_titles_desc":"","_seopress_robots_index":"","_uag_custom_page_level_css":"","site-sidebar-layout":"default","site-content-layout":"","ast-site-content-layout":"default","site-content-style":"default","site-sidebar-style":"default","ast-global-header-display":"","ast-banner-title-visibility":"","ast-main-header-display":"","ast-hfb-above-header-display":"","ast-hfb-below-header-display":"","ast-hfb-mobile-header-display":"","site-post-title":"disabled","ast-breadcrumbs-content":"","ast-featured-img":"","footer-sml-layout":"","ast-disable-related-posts":"","theme-transparent-header-meta":"","adv-header-id-meta":"","stick-header-meta":"","header-above-stick-meta":"","header-main-stick-meta":"","header-below-stick-meta":"","astra-migrate-meta-layouts":"set","ast-page-background-enabled":"default","ast-page-background-meta":{"desktop":{"background-color":"var(--ast-global-color-4)","background-image":"","background-repeat":"repeat","background-position":"center center","background-size":"auto","background-attachment":"scroll","background-type":"","background-media":"","overlay-type":"","overlay-color":"","overlay-opacity":"","overlay-gradient":""},"tablet":{"background-color":"","background-image":"","background-repeat":"repeat","background-position":"center center","background-size":"auto","background-attachment":"scroll","background-type":"","background-media":"","overlay-type":"","overlay-color":"","overlay-opacity":"","overlay-gradient":""},"mobile":{"background-color":"","background-image":"","background-repeat":"repeat","background-position":"center center","background-size":"auto","background-attachment":"scroll","background-type":"","background-media":"","overlay-type":"","overlay-color":"","overlay-opacity":"","overlay-gradient":""}},"ast-content-background-meta":{"desktop":{"background-color":"var(--ast-global-color-5)","background-image":"","background-repeat":"repeat","background-position":"center center","background-size":"auto","background-attachment":"scroll","background-type":"","background-media":"","overlay-type":"","overlay-color":"","overlay-opacity":"","overlay-gradient":""},"tablet":{"background-color":"var(--ast-global-color-5)","background-image":"","background-repeat":"repeat","background-position":"center center","background-size":"auto","background-attachment":"scroll","background-type":"","background-media":"","overlay-type":"","overlay-color":"","overlay-opacity":"","overlay-gradient":""},"mobile":{"background-color":"var(--ast-global-color-5)","background-image":"","background-repeat":"repeat","background-position":"center center","background-size":"auto","background-attachment":"scroll","background-type":"","background-media":"","overlay-type":"","overlay-color":"","overlay-opacity":"","overlay-gradient":""}},"footnotes":""},"class_list":["post-1141","page","type-page","status-publish","hentry"],"spectra_custom_meta":{"_edit_lock":["1728562336:2"],"_wpml_word_count":["{\"total\":0,\"to_translate\":{\"nl\":19,\"en\":19,\"de\":19,\"es\":19}}"],"_edit_last":["2"],"adv-header-id-meta":[""],"stick-header-meta":[""],"site-post-title":["disabled"],"theme-transparent-header-meta":[""],"_wp_page_template":[""],"_wpml_media_duplicate":["1"],"_wpml_media_featured":["1"],"_last_translation_edit_mode":["native-editor"],"_yoast_wpseo_estimated-reading-time-minutes":["3"],"_yoast_wpseo_wordproof_timestamp":[""],"astra_style_timestamp_css":["1695146425"],"_yoast_wpseo_content_score":["90"],"ast-site-content-layout":["default"],"_seopress_robots_primary_cat":[""],"_seopress_titles_title":[""],"_seopress_titles_desc":[""],"_seopress_robots_index":[""],"_uag_custom_page_level_css":[""],"astra-migrate-meta-layouts":["set"],"footnotes":[""],"_uag_page_assets":["a:9:{s:3:\"css\";s:0:\"\";s:2:\"js\";s:0:\"\";s:18:\"current_block_list\";a:0:{}s:8:\"uag_flag\";b:0;s:11:\"uag_version\";s:10:\"1777265575\";s:6:\"gfonts\";a:0:{}s:10:\"gfonts_url\";s:0:\"\";s:12:\"gfonts_files\";a:0:{}s:14:\"uag_faq_layout\";b:0;}"]},"uagb_featured_image_src":{"full":false,"thumbnail":false,"medium":false,"medium_large":false,"large":false,"1536x1536":false,"2048x2048":false},"uagb_author_info":{"display_name":"itlapalma","author_link":"https:\/\/itlapalma.com\/es\/author\/itlapalma\/"},"uagb_comment_info":0,"uagb_excerpt":"Creaci\u00f3n y gesti\u00f3n de sitios web \u00bfTodav\u00eda no tiene su sitio web o \u00e9ste necesita ser actualizado? Dise\u00f1amos su nuevo sitio web y realizamos el mantenimiento t\u00e9cnico. \u00bfYa tiene un sitio web? La tecnolog\u00eda de los sitios web va muy r\u00e1pida. Con el surgimiento de nuevos navegadores como Chrome y Firefox, junto a los smartphones&hellip;","ase":null,"_links":{"self":[{"href":"https:\/\/itlapalma.com\/es\/wp-json\/wp\/v2\/pages\/1141","targetHints":{"allow":["GET"]}}],"collection":[{"href":"https:\/\/itlapalma.com\/es\/wp-json\/wp\/v2\/pages"}],"about":[{"href":"https:\/\/itlapalma.com\/es\/wp-json\/wp\/v2\/types\/page"}],"author":[{"embeddable":true,"href":"https:\/\/itlapalma.com\/es\/wp-json\/wp\/v2\/users\/2"}],"replies":[{"embeddable":true,"href":"https:\/\/itlapalma.com\/es\/wp-json\/wp\/v2\/comments?post=1141"}],"version-history":[{"count":1,"href":"https:\/\/itlapalma.com\/es\/wp-json\/wp\/v2\/pages\/1141\/revisions"}],"predecessor-version":[{"id":2301,"href":"https:\/\/itlapalma.com\/es\/wp-json\/wp\/v2\/pages\/1141\/revisions\/2301"}],"up":[{"embeddable":true,"href":"https:\/\/itlapalma.com\/es\/wp-json\/wp\/v2\/pages\/1129"}],"wp:attachment":[{"href":"https:\/\/itlapalma.com\/es\/wp-json\/wp\/v2\/media?parent=1141"}],"curies":[{"name":"wp","href":"https:\/\/api.w.org\/{rel}","templated":true}]}}