{"id":1139,"date":"2023-01-24T10:29:26","date_gmt":"2023-01-24T10:29:26","guid":{"rendered":"https:\/\/itlapalma.com\/?page_id=1139"},"modified":"2024-10-10T12:10:25","modified_gmt":"2024-10-10T12:10:25","slug":"administracion-de-equipos","status":"publish","type":"page","link":"https:\/\/itlapalma.com\/es\/servicios\/administracion-de-equipos\/","title":{"rendered":"Administraci\u00f3n de equipos"},"content":{"rendered":"<h1>Administraci\u00f3n de equipos (Windows y Linux)<\/h1>\n<h2>\u00bfCu\u00e1ntos ordenadores tiene y siempre est\u00e1n al d\u00eda?<\/h2>\n<p>\u00a1Podemos administrar remotamente los ordenadores para que tenga menos problemas como sea posible con los ordenadores!<\/p>\n<h3>Mi ordenador funciona bien, \u00bfpor qu\u00e9 debe tener un mantenimiento?<\/h3>\n<p>Si usted compra una computadora nueva y comienza a usarla, hay inmediatamente por lo general, actualizaciones del sistema operativo (Windows o Linux) y todo tipo de software se instalan en su PC. Los fabricantes producen actualizaciones porque cometen errores al compilar el software. Estos errores son utilizados por los atacantes que quieren utilizar su computadora para fines ilegales o quiere limpiar su cuenta bancaria. S\u00f3lo un equipo que que no est\u00e9 conectado a Internet y no reciba datos de otros ordenadores (a trav\u00e9s de memorias USB o CD) no necesita ser actualizado. Pero sin Internet no se puede hacer mucho en estos d\u00edas! Por lo tanto, todos los equipos deben ser actualizados como sea posible para evitar riesgos.<\/p>\n<h3>\u00bfQu\u00e9 no funciona autom\u00e1ticamente en esas actualizaciones?<\/h3>\n<p>Cualquier programa de computadora que utilizas tiene su propio m\u00e9todo para instalar las actualizaciones. Y lamentablemente eso no siempre funciona bien y se deber\u00eda de comprobar regularmente. \u00a1Pero sin duda no tiene ganas, ni tiempo para eso!<\/p>\n<h4>\u00a1Tiempo de externalizar el mantenimiento de la computadora!<\/h4>\n<h3>\u00bfQu\u00e9 podemos hacer para usted?<\/h3>\n<p>Para mantener losgastos m\u00ednimos of costes bajos, gestionamos su PC a distancia. Trabajamos con un modelo de suscripci\u00f3n donde totalmente actualizamos su computadora una vez al a\u00f1o. Comprobamos que todo est\u00e1 actualizado y escaneamos su ordenador de virus y otras adiciones no deseadas. Puede acudir durante todo el a\u00f1o para hacernos consultas sobre inform\u00e1tica y recibir nuestra opini\u00f3n sobre las cuestiones que nos plantee en relaci\u00f3n a su computadora.<\/p>\n<h3>\u00bfHardware?<\/h3>\n<p>Nos hemos especializado en mantenimiento de software. Si tiene un problema de hardware, como un monitor roto o un disco duro roto, entonces consulte a un especialista del equipo local. Sin embargo, podemos ayudarle aredise\u00f1ar o reconstruir su equipo\u00a0reparado o nuevo. V\u00e9ase tambi\u00e9n la parte sobre \u00abcopias de seguridad\u00bb. Tambi\u00e9n podemos asesorarle en la compra de un nuevo ordenador, impresora, scanner, etc..<\/p>\n<h3>Copias de seguridad.<\/h3>\n<p>Adem\u00e1s del software en su computadora, existen, por su puesto, sus documentos privados, fotos, m\u00fasica y pel\u00edculas. Pero \u00bfqu\u00e9 pasa si su computadora se rompe y no se puede reparar? \u00a0\u00a1Entonces habr\u00e1 perdido sus fotos, etc! Por lo tanto es necesario hacer copias de seguridad,de su PC. Usted tiene que hacer las copias de seguridad, podemos aconsejarle cu\u00e1l es el mejor m\u00e9todo para usted. Puede ser una combinaci\u00f3n de uno o m\u00e1s discos externos o incluso una copia de seguridad online en la Web.<\/p>\n<h3>Precios.<\/h3>\n<p>El precio por la administraci\u00f3n de una computadora es de \u20ac 100,00 por a\u00f1o. La suscripci\u00f3n abarca un a\u00f1o completo, renovable siempre que desee mantenerla, despu\u00e9s de haberlo consultado previamente. En el caso de interrumpir su suscripci\u00f3n, no hay ninguna posibilidad de reembolso dado el bajo coste de la misma.<\/p>\n<h3>\u00bfGarant\u00eda?<\/h3>\n<p>Hacemos lo mejor para mantener su ordenador sin problemas. Sin embargo, no podemos asegurarlo al 100%, porque el usuario del PC juega un gran papel en la seguridad de la computadora. Tambi\u00e9n en los problemas de hardware que se presenten, lamentablemente no tenemos respuesta o influencia. Sin embargo, podemos ayudar a reducir los efectos de un problema.<\/p>\n<h3>\u00bfPreguntas?<\/h3>\n<p>\u00bfSi tiene alguna pregunta o desea una oferta de pago? Por favor utilice nuestro formulario de\u00a0<a href=\"\/es\/contacto\">contacto<\/a>.<\/p>\n","protected":false},"excerpt":{"rendered":"<p>Administraci\u00f3n de equipos (Windows y Linux) \u00bfCu\u00e1ntos ordenadores tiene y siempre est\u00e1n al d\u00eda? \u00a1Podemos administrar remotamente los ordenadores para que tenga menos problemas como sea posible con los ordenadores! Mi ordenador funciona bien, \u00bfpor qu\u00e9 debe tener un mantenimiento? Si usted compra una computadora nueva y comienza a usarla, hay inmediatamente por lo general, [&hellip;]<\/p>\n","protected":false},"author":2,"featured_media":0,"parent":1129,"menu_order":0,"comment_status":"closed","ping_status":"closed","template":"","meta":{"_seopress_robots_primary_cat":"","_seopress_titles_title":"","_seopress_titles_desc":"","_seopress_robots_index":"","_uag_custom_page_level_css":"","site-sidebar-layout":"default","site-content-layout":"","ast-site-content-layout":"default","site-content-style":"default","site-sidebar-style":"default","ast-global-header-display":"","ast-banner-title-visibility":"","ast-main-header-display":"","ast-hfb-above-header-display":"","ast-hfb-below-header-display":"","ast-hfb-mobile-header-display":"","site-post-title":"disabled","ast-breadcrumbs-content":"","ast-featured-img":"","footer-sml-layout":"","ast-disable-related-posts":"","theme-transparent-header-meta":"","adv-header-id-meta":"","stick-header-meta":"","header-above-stick-meta":"","header-main-stick-meta":"","header-below-stick-meta":"","astra-migrate-meta-layouts":"set","ast-page-background-enabled":"default","ast-page-background-meta":{"desktop":{"background-color":"var(--ast-global-color-4)","background-image":"","background-repeat":"repeat","background-position":"center center","background-size":"auto","background-attachment":"scroll","background-type":"","background-media":"","overlay-type":"","overlay-color":"","overlay-opacity":"","overlay-gradient":""},"tablet":{"background-color":"","background-image":"","background-repeat":"repeat","background-position":"center center","background-size":"auto","background-attachment":"scroll","background-type":"","background-media":"","overlay-type":"","overlay-color":"","overlay-opacity":"","overlay-gradient":""},"mobile":{"background-color":"","background-image":"","background-repeat":"repeat","background-position":"center center","background-size":"auto","background-attachment":"scroll","background-type":"","background-media":"","overlay-type":"","overlay-color":"","overlay-opacity":"","overlay-gradient":""}},"ast-content-background-meta":{"desktop":{"background-color":"var(--ast-global-color-5)","background-image":"","background-repeat":"repeat","background-position":"center center","background-size":"auto","background-attachment":"scroll","background-type":"","background-media":"","overlay-type":"","overlay-color":"","overlay-opacity":"","overlay-gradient":""},"tablet":{"background-color":"var(--ast-global-color-5)","background-image":"","background-repeat":"repeat","background-position":"center center","background-size":"auto","background-attachment":"scroll","background-type":"","background-media":"","overlay-type":"","overlay-color":"","overlay-opacity":"","overlay-gradient":""},"mobile":{"background-color":"var(--ast-global-color-5)","background-image":"","background-repeat":"repeat","background-position":"center center","background-size":"auto","background-attachment":"scroll","background-type":"","background-media":"","overlay-type":"","overlay-color":"","overlay-opacity":"","overlay-gradient":""}},"footnotes":""},"class_list":["post-1139","page","type-page","status-publish","hentry"],"spectra_custom_meta":{"_edit_lock":["1728562225:2"],"_wpml_word_count":["{\"total\":0,\"to_translate\":{\"nl\":9,\"en\":9,\"de\":9,\"es\":9}}"],"_edit_last":["2"],"adv-header-id-meta":[""],"stick-header-meta":[""],"site-post-title":["disabled"],"theme-transparent-header-meta":[""],"_wp_page_template":[""],"_wpml_media_duplicate":["1"],"_wpml_media_featured":["1"],"_last_translation_edit_mode":["native-editor"],"_yoast_wpseo_estimated-reading-time-minutes":["3"],"_yoast_wpseo_wordproof_timestamp":[""],"_yoast_wpseo_content_score":["90"],"astra_style_timestamp_css":["1695062784"],"ast-site-content-layout":["default"],"wp_statistics_words_count":["541"],"_seopress_robots_primary_cat":[""],"_seopress_titles_title":[""],"_seopress_titles_desc":[""],"_seopress_robots_index":[""],"_uag_custom_page_level_css":[""],"astra-migrate-meta-layouts":["set"],"footnotes":[""],"_uag_page_assets":["a:9:{s:3:\"css\";s:0:\"\";s:2:\"js\";s:0:\"\";s:18:\"current_block_list\";a:0:{}s:8:\"uag_flag\";b:0;s:11:\"uag_version\";s:10:\"1777265575\";s:6:\"gfonts\";a:0:{}s:10:\"gfonts_url\";s:0:\"\";s:12:\"gfonts_files\";a:0:{}s:14:\"uag_faq_layout\";b:0;}"]},"uagb_featured_image_src":{"full":false,"thumbnail":false,"medium":false,"medium_large":false,"large":false,"1536x1536":false,"2048x2048":false},"uagb_author_info":{"display_name":"itlapalma","author_link":"https:\/\/itlapalma.com\/es\/author\/itlapalma\/"},"uagb_comment_info":0,"uagb_excerpt":"Administraci\u00f3n de equipos (Windows y Linux) \u00bfCu\u00e1ntos ordenadores tiene y siempre est\u00e1n al d\u00eda? \u00a1Podemos administrar remotamente los ordenadores para que tenga menos problemas como sea posible con los ordenadores! Mi ordenador funciona bien, \u00bfpor qu\u00e9 debe tener un mantenimiento? Si usted compra una computadora nueva y comienza a usarla, hay inmediatamente por lo general,&hellip;","ase":null,"_links":{"self":[{"href":"https:\/\/itlapalma.com\/es\/wp-json\/wp\/v2\/pages\/1139","targetHints":{"allow":["GET"]}}],"collection":[{"href":"https:\/\/itlapalma.com\/es\/wp-json\/wp\/v2\/pages"}],"about":[{"href":"https:\/\/itlapalma.com\/es\/wp-json\/wp\/v2\/types\/page"}],"author":[{"embeddable":true,"href":"https:\/\/itlapalma.com\/es\/wp-json\/wp\/v2\/users\/2"}],"replies":[{"embeddable":true,"href":"https:\/\/itlapalma.com\/es\/wp-json\/wp\/v2\/comments?post=1139"}],"version-history":[{"count":1,"href":"https:\/\/itlapalma.com\/es\/wp-json\/wp\/v2\/pages\/1139\/revisions"}],"predecessor-version":[{"id":2299,"href":"https:\/\/itlapalma.com\/es\/wp-json\/wp\/v2\/pages\/1139\/revisions\/2299"}],"up":[{"embeddable":true,"href":"https:\/\/itlapalma.com\/es\/wp-json\/wp\/v2\/pages\/1129"}],"wp:attachment":[{"href":"https:\/\/itlapalma.com\/es\/wp-json\/wp\/v2\/media?parent=1139"}],"curies":[{"name":"wp","href":"https:\/\/api.w.org\/{rel}","templated":true}]}}