{"id":1137,"date":"2023-01-24T10:28:54","date_gmt":"2023-01-24T10:28:54","guid":{"rendered":"https:\/\/itlapalma.com\/?page_id=1137"},"modified":"2024-10-10T12:06:48","modified_gmt":"2024-10-10T12:06:48","slug":"sobre-nosotros","status":"publish","type":"page","link":"https:\/\/itlapalma.com\/es\/sobre-nosotros\/","title":{"rendered":"Sobre nosotros"},"content":{"rendered":"<h1>Sobre nosotros<\/h1>\n<p>IT La Palma ha sido creado por Marcel Jacobs. Vive en La Palma desde 2017. Nuestro objetivo con IT La Palma es brindar servicios de TI. Con las t\u00e9cnicas actuales podemos ofrecer nuestros servicios en todo el mundo, pero por el momento queremos centrarnos en La Palma.<\/p>\n<h3><img decoding=\"async\" class=\"itlp_circle\" src=\"\/wp-content\/uploads\/MarcelV.jpg\" alt=\"MarcelV\" \/><\/h3>\n<h3>Marcel Jacobs<\/h3>\n<p>Marcel ha estado trabajando en TI desde que se gradu\u00f3 como ingeniero civil. Adem\u00e1s de su trabajo como consultor de TI (centrado en la tecnolog\u00eda de Internet) en el Departamento de TI de una gran empresa de ingenier\u00eda en los Pa\u00edses Bajos, Marcel mantuvo PC durante 10 a\u00f1os y administr\u00f3 y desarroll\u00f3 sitios web en su propia compa\u00f1\u00eda.<\/p>\n<h3>Experiencia<\/h3>\n<ul>\n<li>Productos de Microsoft como Office (todas las versiones) y Windows (todas las versiones)<\/li>\n<li>Linux (mint)<\/li>\n<li>WordPress y otras herramientas para construir sitios web<\/li>\n<li>Mantenimiento t\u00e9cnico de computadoras<\/li>\n<li>Mantenimiento t\u00e9cnico de sitios web<\/li>\n<li>Consejos generales de IT<\/li>\n<li>Google Analytics y otras herramientas de Google<\/li>\n<li>Redes sociales: Facebook, Pinterest, Instagram, LinkedIn etc.<\/li>\n<li>PHP y CSS<\/li>\n<\/ul>\n","protected":false},"excerpt":{"rendered":"<p>Sobre nosotros IT La Palma ha sido creado por Marcel Jacobs. Vive en La Palma desde 2017. Nuestro objetivo con IT La Palma es brindar servicios de TI. Con las t\u00e9cnicas actuales podemos ofrecer nuestros servicios en todo el mundo, pero por el momento queremos centrarnos en La Palma. Marcel Jacobs Marcel ha estado trabajando [&hellip;]<\/p>\n","protected":false},"author":2,"featured_media":0,"parent":0,"menu_order":0,"comment_status":"closed","ping_status":"closed","template":"","meta":{"_seopress_robots_primary_cat":"","_seopress_titles_title":"","_seopress_titles_desc":"","_seopress_robots_index":"","_uag_custom_page_level_css":"","site-sidebar-layout":"default","site-content-layout":"","ast-site-content-layout":"default","site-content-style":"default","site-sidebar-style":"default","ast-global-header-display":"","ast-banner-title-visibility":"","ast-main-header-display":"","ast-hfb-above-header-display":"","ast-hfb-below-header-display":"","ast-hfb-mobile-header-display":"","site-post-title":"disabled","ast-breadcrumbs-content":"","ast-featured-img":"","footer-sml-layout":"","ast-disable-related-posts":"","theme-transparent-header-meta":"","adv-header-id-meta":"","stick-header-meta":"","header-above-stick-meta":"","header-main-stick-meta":"","header-below-stick-meta":"","astra-migrate-meta-layouts":"set","ast-page-background-enabled":"default","ast-page-background-meta":{"desktop":{"background-color":"var(--ast-global-color-4)","background-image":"","background-repeat":"repeat","background-position":"center center","background-size":"auto","background-attachment":"scroll","background-type":"","background-media":"","overlay-type":"","overlay-color":"","overlay-opacity":"","overlay-gradient":""},"tablet":{"background-color":"","background-image":"","background-repeat":"repeat","background-position":"center center","background-size":"auto","background-attachment":"scroll","background-type":"","background-media":"","overlay-type":"","overlay-color":"","overlay-opacity":"","overlay-gradient":""},"mobile":{"background-color":"","background-image":"","background-repeat":"repeat","background-position":"center center","background-size":"auto","background-attachment":"scroll","background-type":"","background-media":"","overlay-type":"","overlay-color":"","overlay-opacity":"","overlay-gradient":""}},"ast-content-background-meta":{"desktop":{"background-color":"var(--ast-global-color-5)","background-image":"","background-repeat":"repeat","background-position":"center center","background-size":"auto","background-attachment":"scroll","background-type":"","background-media":"","overlay-type":"","overlay-color":"","overlay-opacity":"","overlay-gradient":""},"tablet":{"background-color":"var(--ast-global-color-5)","background-image":"","background-repeat":"repeat","background-position":"center center","background-size":"auto","background-attachment":"scroll","background-type":"","background-media":"","overlay-type":"","overlay-color":"","overlay-opacity":"","overlay-gradient":""},"mobile":{"background-color":"var(--ast-global-color-5)","background-image":"","background-repeat":"repeat","background-position":"center center","background-size":"auto","background-attachment":"scroll","background-type":"","background-media":"","overlay-type":"","overlay-color":"","overlay-opacity":"","overlay-gradient":""}},"footnotes":""},"class_list":["post-1137","page","type-page","status-publish","hentry"],"spectra_custom_meta":{"_edit_lock":["1728562010:2"],"_wpml_word_count":["{\"total\":0,\"to_translate\":{\"nl\":6,\"en\":6,\"de\":6,\"es\":6}}"],"_uag_custom_page_level_css":[""],"site-post-title":["disabled"],"theme-transparent-header-meta":[""],"adv-header-id-meta":[""],"stick-header-meta":[""],"_edit_last":["2"],"_wp_page_template":[""],"_wpml_media_duplicate":["1"],"_wpml_media_featured":["1"],"_last_translation_edit_mode":["native-editor"],"_yoast_wpseo_estimated-reading-time-minutes":["2"],"_yoast_wpseo_wordproof_timestamp":[""],"astra_style_timestamp_css":["1695145819"],"_yoast_wpseo_content_score":["90"],"ast-site-content-layout":["default"],"_seopress_robots_primary_cat":[""],"_seopress_titles_title":[""],"_seopress_titles_desc":[""],"_seopress_robots_index":[""],"astra-migrate-meta-layouts":["set"],"footnotes":[""],"_uag_page_assets":["a:9:{s:3:\"css\";s:0:\"\";s:2:\"js\";s:0:\"\";s:18:\"current_block_list\";a:0:{}s:8:\"uag_flag\";b:0;s:11:\"uag_version\";s:10:\"1775467244\";s:6:\"gfonts\";a:0:{}s:10:\"gfonts_url\";s:0:\"\";s:12:\"gfonts_files\";a:0:{}s:14:\"uag_faq_layout\";b:0;}"]},"uagb_featured_image_src":{"full":false,"thumbnail":false,"medium":false,"medium_large":false,"large":false,"1536x1536":false,"2048x2048":false},"uagb_author_info":{"display_name":"itlapalma","author_link":"https:\/\/itlapalma.com\/es\/author\/itlapalma\/"},"uagb_comment_info":0,"uagb_excerpt":"Sobre nosotros IT La Palma ha sido creado por Marcel Jacobs. Vive en La Palma desde 2017. Nuestro objetivo con IT La Palma es brindar servicios de TI. Con las t\u00e9cnicas actuales podemos ofrecer nuestros servicios en todo el mundo, pero por el momento queremos centrarnos en La Palma. Marcel Jacobs Marcel ha estado trabajando&hellip;","_links":{"self":[{"href":"https:\/\/itlapalma.com\/es\/wp-json\/wp\/v2\/pages\/1137","targetHints":{"allow":["GET"]}}],"collection":[{"href":"https:\/\/itlapalma.com\/es\/wp-json\/wp\/v2\/pages"}],"about":[{"href":"https:\/\/itlapalma.com\/es\/wp-json\/wp\/v2\/types\/page"}],"author":[{"embeddable":true,"href":"https:\/\/itlapalma.com\/es\/wp-json\/wp\/v2\/users\/2"}],"replies":[{"embeddable":true,"href":"https:\/\/itlapalma.com\/es\/wp-json\/wp\/v2\/comments?post=1137"}],"version-history":[{"count":1,"href":"https:\/\/itlapalma.com\/es\/wp-json\/wp\/v2\/pages\/1137\/revisions"}],"predecessor-version":[{"id":2296,"href":"https:\/\/itlapalma.com\/es\/wp-json\/wp\/v2\/pages\/1137\/revisions\/2296"}],"wp:attachment":[{"href":"https:\/\/itlapalma.com\/es\/wp-json\/wp\/v2\/media?parent=1137"}],"curies":[{"name":"wp","href":"https:\/\/api.w.org\/{rel}","templated":true}]}}