{"id":1121,"date":"2023-01-24T10:16:15","date_gmt":"2023-01-24T10:16:15","guid":{"rendered":"https:\/\/itlapalma.com\/?page_id=1121"},"modified":"2024-10-10T12:00:34","modified_gmt":"2024-10-10T12:00:34","slug":"bau-und-verwaltung-von-webseiten","status":"publish","type":"page","link":"https:\/\/itlapalma.com\/de\/dienstleistungen\/bau-und-verwaltung-von-webseiten\/","title":{"rendered":"Bau und Verwaltung von Webseiten"},"content":{"rendered":"<h1>Bau und Verwaltung von Webseiten<\/h1>\n<h2>Haben Sie keine Webseite oder gef\u00e4llt Ihnen Webseite nicht mehr?<\/h2>\n<p>Wir bauen Ihnen neue Webseite und f\u00fchren die technischen Verwaltungen durch!<\/p>\n<h3>Haben Sie bereits eine Webseite?<\/h3>\n<p>Die Technik f\u00fcr Webseiten geht sehr schnell. Mit dem Aufkommen der neuen Web-Browsern wie Chrome und Firefox aber auch die Smartphones und Tablets, funktioniert eine Website, die jetzt vor ein paar Jahren gebaut wurde, nicht mehr gut. \u00d6ffnen Sie Ihre Website doch einmal auf einem Smartphone, und Sie werden sehen, was wir meinen. In technischer Hinsicht, was, denen es hei\u00dft, als, dass die Seite nicht &#8222;responsive&#8220;, passt nicht auf die Gr\u00f6\u00dfe des Bildschirms an.<\/p>\n<h3>Haben Sie keine Website?<\/h3>\n<p>Durch die Ankunft von allen neuen mobilen Ger\u00e4ten verwendet niemand mehr ein Telefonbuch, aber man sucht Ihr Unternehmen \u00fcber das Internet. Keine Webseite? Dann wird Ihr Gesch\u00e4ft schwieriger gefunden werden! W\u00e4hrend wir f\u00fcr einen guten Preis aber eine moderne Webseite f\u00fcr Sie machen k\u00f6nnen und Sie k\u00f6nnen die Inhalte selbst verwalten.<\/p>\n<h4>Zeit f\u00fcr eine (neue) Webseite!<\/h4>\n<h3>Was k\u00f6nnen wir f\u00fcr Sie tun?<\/h3>\n<p>Wir bauen Ihre neue Webseite in ein sogenanntes Content Managementsystem (CMS), so dass wir Ihre Website technisch einrichten k\u00f6nnen und Sie nur mit dem Inhalt (Texte, Bilder und Dokumente) besch\u00e4ftigt sind. Dar\u00fcber hinaus k\u00f6nnen wir auch die Inhalte f\u00fcr Sie anpassen, wenn Sie es nicht selber machen wollen.<br \/>\nWir bevorzugen das WordPress ist m\u00f6glich. Wir erstellen auch Webshops mit WordPress\/WooCommerce inklusive elektronischer Bezahlung.<\/p>\n<h3>Die Auffindbarkeit Ihrer Webseite.<\/h3>\n<p>Nat\u00fcrlich soll Ihre Webseite auffindbar sein. Das CMS hat also alle Arten von M\u00f6glichkeiten zur Verbesserung der Auffindbarkeit. Google hat auch Werkzeuge, wo wir ihnen mit helfen k\u00f6nnen. Nur eine Webseite, ist oft nicht mehr ausreichend. Ihre Pr\u00e4senz auf social-Media-Kan\u00e4len wie Facebook, Pinterest, Pinterest und Instagram ist auch wichtig f\u00fcr eine bessere Sichtbarkeit. Wir helfen Ihnen mit einer Kombination aus Internet-Pr\u00e4senz.<\/p>\n<h3>Technische Verwaltung der Webseite.<\/h3>\n<p>Leider sind Sie nicht nach dem Bau des Webseite fertig. Jede Website kann Ziel von Hackern werden und es erscheinen neue Web-Browser und mobile Ger\u00e4te. Daher erscheinen neue Versionen und Updates \u00fcber die Pressen-Sicherheit-CMS. Sie verbinden mit uns ein Jahresabonnement f\u00fcr die technische Verwaltung Ihrer Webseite. Wir testen die neu Versionen zuerst und dann installieren wir sie auf Ihrer Webseite. Einmal im Woche sorgen wir f\u00fcr die Sicherung Ihrer Webseite. Wir unterst\u00fctzen Sie bei Ihrer Arbeit mit der Webseite.<\/p>\n<h3>\u00dcbersetzen<\/h3>\n<p>Wenn Sie deutsche und \/ oder englische Inhalte haben, k\u00f6nnen wir f\u00fcr Sie eine niederl\u00e4ndische Version erstellen. Das ist f\u00fcr die Kunden auf La Palma wichtig, da immer mehr niederl\u00e4ndische G\u00e4ste auf die Insel kommen.<\/p>\n<h3>Preise.<\/h3>\n<p>Der Preis f\u00fcr den Bau Ihrer Webseite h\u00e4ngt davon ab, was Sie genau wollen, aber durch den Einsatz von standard-Anwendungen bieten wir Ihre Website oft f\u00fcr weniger als \u20ac 150,00 an. F\u00fcr die j\u00e4hrliche Instandhaltung beginnen die Preise bei \u20ac 125,00, abh\u00e4ngig von der Menge der Funktionen der Webseite. Das Abonnement l\u00e4uft pro Kalenderjahr und dann fragen wir Sie, ob Sie das Abonnement fortsetzen m\u00f6chten. Angesichts der niedrigen Kosten, gibt es, keine R\u00fcckerstattung m\u00f6glich bei fr\u00fcheren Stopp des Abonnements.<\/p>\n<h3>Garantie?<\/h3>\n<p>Wir tun unser Bestes, um zu helfen, sicher und ohne Probleme mit der Webseite zu bleiben. Jedoch k\u00f6nnen wir nicht 100 % Sicherheit geben, weil die externen Einfl\u00fcsse zu gro\u00df sind. Wir k\u00f6nnen jedoch helfen, mit Verringerung der Auswirkungen bei solch einem Problem.<\/p>\n<h3>Sie haben Fragen?<\/h3>\n<p>Wenn Sie Fragen haben oder ein Angebot m\u00f6chten? Bitte benutzen Sie unser\u00a0<a href=\"\/de\/kontakt\">Kontaktformular<\/a>.<\/p>\n","protected":false},"excerpt":{"rendered":"<p>Bau und Verwaltung von Webseiten Haben Sie keine Webseite oder gef\u00e4llt Ihnen Webseite nicht mehr? Wir bauen Ihnen neue Webseite und f\u00fchren die technischen Verwaltungen durch! Haben Sie bereits eine Webseite? Die Technik f\u00fcr Webseiten geht sehr schnell. Mit dem Aufkommen der neuen Web-Browsern wie Chrome und Firefox aber auch die Smartphones und Tablets, funktioniert [&hellip;]<\/p>\n","protected":false},"author":2,"featured_media":0,"parent":1106,"menu_order":0,"comment_status":"closed","ping_status":"closed","template":"","meta":{"_seopress_robots_primary_cat":"","_seopress_titles_title":"","_seopress_titles_desc":"","_seopress_robots_index":"","_uag_custom_page_level_css":"","site-sidebar-layout":"default","site-content-layout":"","ast-site-content-layout":"default","site-content-style":"default","site-sidebar-style":"default","ast-global-header-display":"","ast-banner-title-visibility":"","ast-main-header-display":"","ast-hfb-above-header-display":"","ast-hfb-below-header-display":"","ast-hfb-mobile-header-display":"","site-post-title":"disabled","ast-breadcrumbs-content":"","ast-featured-img":"","footer-sml-layout":"","ast-disable-related-posts":"","theme-transparent-header-meta":"","adv-header-id-meta":"","stick-header-meta":"","header-above-stick-meta":"","header-main-stick-meta":"","header-below-stick-meta":"","astra-migrate-meta-layouts":"set","ast-page-background-enabled":"default","ast-page-background-meta":{"desktop":{"background-color":"var(--ast-global-color-4)","background-image":"","background-repeat":"repeat","background-position":"center center","background-size":"auto","background-attachment":"scroll","background-type":"","background-media":"","overlay-type":"","overlay-color":"","overlay-opacity":"","overlay-gradient":""},"tablet":{"background-color":"","background-image":"","background-repeat":"repeat","background-position":"center center","background-size":"auto","background-attachment":"scroll","background-type":"","background-media":"","overlay-type":"","overlay-color":"","overlay-opacity":"","overlay-gradient":""},"mobile":{"background-color":"","background-image":"","background-repeat":"repeat","background-position":"center center","background-size":"auto","background-attachment":"scroll","background-type":"","background-media":"","overlay-type":"","overlay-color":"","overlay-opacity":"","overlay-gradient":""}},"ast-content-background-meta":{"desktop":{"background-color":"var(--ast-global-color-5)","background-image":"","background-repeat":"repeat","background-position":"center center","background-size":"auto","background-attachment":"scroll","background-type":"","background-media":"","overlay-type":"","overlay-color":"","overlay-opacity":"","overlay-gradient":""},"tablet":{"background-color":"var(--ast-global-color-5)","background-image":"","background-repeat":"repeat","background-position":"center center","background-size":"auto","background-attachment":"scroll","background-type":"","background-media":"","overlay-type":"","overlay-color":"","overlay-opacity":"","overlay-gradient":""},"mobile":{"background-color":"var(--ast-global-color-5)","background-image":"","background-repeat":"repeat","background-position":"center center","background-size":"auto","background-attachment":"scroll","background-type":"","background-media":"","overlay-type":"","overlay-color":"","overlay-opacity":"","overlay-gradient":""}},"footnotes":""},"class_list":["post-1121","page","type-page","status-publish","hentry"],"spectra_custom_meta":{"_edit_lock":["1728561636:2"],"_wpml_word_count":["{\"total\":0,\"to_translate\":{\"nl\":15,\"en\":15,\"de\":15,\"es\":15}}"],"_edit_last":["2"],"adv-header-id-meta":[""],"stick-header-meta":[""],"site-post-title":["disabled"],"theme-transparent-header-meta":[""],"_wp_page_template":[""],"_wpml_media_duplicate":["1"],"_wpml_media_featured":["1"],"_last_translation_edit_mode":["native-editor"],"_yoast_wpseo_estimated-reading-time-minutes":["3"],"_yoast_wpseo_wordproof_timestamp":[""],"astra_style_timestamp_css":["1695145590"],"_yoast_wpseo_content_score":["90"],"ast-site-content-layout":["default"],"_seopress_robots_primary_cat":[""],"_seopress_titles_title":[""],"_seopress_titles_desc":[""],"_seopress_robots_index":[""],"_uag_custom_page_level_css":[""],"astra-migrate-meta-layouts":["set"],"footnotes":[""],"_uag_page_assets":["a:9:{s:3:\"css\";s:0:\"\";s:2:\"js\";s:0:\"\";s:18:\"current_block_list\";a:0:{}s:8:\"uag_flag\";b:0;s:11:\"uag_version\";s:10:\"1775467244\";s:6:\"gfonts\";a:0:{}s:10:\"gfonts_url\";s:0:\"\";s:12:\"gfonts_files\";a:0:{}s:14:\"uag_faq_layout\";b:0;}"]},"uagb_featured_image_src":{"full":false,"thumbnail":false,"medium":false,"medium_large":false,"large":false,"1536x1536":false,"2048x2048":false},"uagb_author_info":{"display_name":"itlapalma","author_link":"https:\/\/itlapalma.com\/de\/author\/itlapalma\/"},"uagb_comment_info":0,"uagb_excerpt":"Bau und Verwaltung von Webseiten Haben Sie keine Webseite oder gef\u00e4llt Ihnen Webseite nicht mehr? Wir bauen Ihnen neue Webseite und f\u00fchren die technischen Verwaltungen durch! Haben Sie bereits eine Webseite? Die Technik f\u00fcr Webseiten geht sehr schnell. Mit dem Aufkommen der neuen Web-Browsern wie Chrome und Firefox aber auch die Smartphones und Tablets, funktioniert&hellip;","_links":{"self":[{"href":"https:\/\/itlapalma.com\/de\/wp-json\/wp\/v2\/pages\/1121","targetHints":{"allow":["GET"]}}],"collection":[{"href":"https:\/\/itlapalma.com\/de\/wp-json\/wp\/v2\/pages"}],"about":[{"href":"https:\/\/itlapalma.com\/de\/wp-json\/wp\/v2\/types\/page"}],"author":[{"embeddable":true,"href":"https:\/\/itlapalma.com\/de\/wp-json\/wp\/v2\/users\/2"}],"replies":[{"embeddable":true,"href":"https:\/\/itlapalma.com\/de\/wp-json\/wp\/v2\/comments?post=1121"}],"version-history":[{"count":1,"href":"https:\/\/itlapalma.com\/de\/wp-json\/wp\/v2\/pages\/1121\/revisions"}],"predecessor-version":[{"id":2288,"href":"https:\/\/itlapalma.com\/de\/wp-json\/wp\/v2\/pages\/1121\/revisions\/2288"}],"up":[{"embeddable":true,"href":"https:\/\/itlapalma.com\/de\/wp-json\/wp\/v2\/pages\/1106"}],"wp:attachment":[{"href":"https:\/\/itlapalma.com\/de\/wp-json\/wp\/v2\/media?parent=1121"}],"curies":[{"name":"wp","href":"https:\/\/api.w.org\/{rel}","templated":true}]}}