{"id":1119,"date":"2023-01-24T10:15:22","date_gmt":"2023-01-24T10:15:22","guid":{"rendered":"https:\/\/itlapalma.com\/?page_id=1119"},"modified":"2024-10-10T12:02:53","modified_gmt":"2024-10-10T12:02:53","slug":"it-beratung-fuer-unternehmen","status":"publish","type":"page","link":"https:\/\/itlapalma.com\/de\/dienstleistungen\/it-beratung-fuer-unternehmen\/","title":{"rendered":"IT-Beratung f\u00fcr Unternehmen"},"content":{"rendered":"<h1>IT-Beratung f\u00fcr Unternehmen<\/h1>\n<h2>Sie haben ein Gesch\u00e4ft und m\u00f6chten Beratung f\u00fcr Ihre IT Umgebung?<\/h2>\n<p>Mit dem Wissen, das wir in den letzten Jahren aufgebaut haben, helfen wir Ihnen mit der besseren Nutzung Ihrer IT-Ressourcen.<\/p>\n<h3>Sie haben alles im Haus, aber nutzen Sie die Ressourcen auch optimal?<\/h3>\n<p>Erkennen Sie das?<\/p>\n<ul>\n<li>Sie haben eine Webseite aber die funktioniert nicht mehr?<\/li>\n<li>Sie haben nur wenige Computer in der Firma und wollen diese verwaltet habe?<\/li>\n<li>Sie m\u00f6chten Ihre Computer erneuern?<\/li>\n<\/ul>\n<h4>Zeit f\u00fcr eine IT Beratung!<\/h4>\n<h3>Was k\u00f6nnen wir f\u00fcr Sie tun?<\/h3>\n<p>Mit den oben genannten Fragen k\u00f6nnen wir Ihnen helfen. F\u00fcr Unternehmen beraten wir im allgemeinen nur .Die Ausfuehrung \u00fcberlassen wir spezialisierten Unternehmen .Es gibt ein paar Ausnahmen:<\/p>\n<ul>\n<li>Bau und Betrieb Ihrer Webseite finden Sie in unserem Service &#8222;<a href=\"\/de\/dienstleistungen\/bau-und-verwaltung-von-webseiten\">Bau und Verwaltung von Webseiten<\/a>&#8222;<\/li>\n<li>die Verwaltung von Computern f\u00fcr Unternehmen mit bis zu 5 Computern, finden Sie in unserem Service &#8222;<a href=\"\/de\/dienstleistungen\/verwaltung-von-computern\">Verwaltung von Computern<\/a>&#8222;<\/li>\n<\/ul>\n<h3>Preise.<\/h3>\n<p>Gemeinsam mit Ihnen schlagen wir ein Angebot, in dem wir stunden verabreden. Die Kosten pro Stunde beginnen bei 50,00 \u20ac abh\u00e4ngig von der Art der Arbeit.<\/p>\n<h3>Sie haben Fragen?<\/h3>\n<p>Wenn Sie Fragen haben oder ein Angebot m\u00f6chten? Bitte benutzen Sie unser\u00a0<a href=\"\/de\/kontakt\">Kontaktformular<\/a>.<\/p>\n","protected":false},"excerpt":{"rendered":"<p>IT-Beratung f\u00fcr Unternehmen Sie haben ein Gesch\u00e4ft und m\u00f6chten Beratung f\u00fcr Ihre IT Umgebung? Mit dem Wissen, das wir in den letzten Jahren aufgebaut haben, helfen wir Ihnen mit der besseren Nutzung Ihrer IT-Ressourcen. Sie haben alles im Haus, aber nutzen Sie die Ressourcen auch optimal? Erkennen Sie das? Sie haben eine Webseite aber die [&hellip;]<\/p>\n","protected":false},"author":2,"featured_media":0,"parent":1106,"menu_order":0,"comment_status":"closed","ping_status":"closed","template":"","meta":{"_seopress_robots_primary_cat":"","_seopress_titles_title":"","_seopress_titles_desc":"","_seopress_robots_index":"","_uag_custom_page_level_css":"","site-sidebar-layout":"default","site-content-layout":"","ast-site-content-layout":"default","site-content-style":"default","site-sidebar-style":"default","ast-global-header-display":"","ast-banner-title-visibility":"","ast-main-header-display":"","ast-hfb-above-header-display":"","ast-hfb-below-header-display":"","ast-hfb-mobile-header-display":"","site-post-title":"disabled","ast-breadcrumbs-content":"","ast-featured-img":"","footer-sml-layout":"","ast-disable-related-posts":"","theme-transparent-header-meta":"","adv-header-id-meta":"","stick-header-meta":"","header-above-stick-meta":"","header-main-stick-meta":"","header-below-stick-meta":"","astra-migrate-meta-layouts":"set","ast-page-background-enabled":"default","ast-page-background-meta":{"desktop":{"background-color":"var(--ast-global-color-4)","background-image":"","background-repeat":"repeat","background-position":"center center","background-size":"auto","background-attachment":"scroll","background-type":"","background-media":"","overlay-type":"","overlay-color":"","overlay-opacity":"","overlay-gradient":""},"tablet":{"background-color":"","background-image":"","background-repeat":"repeat","background-position":"center center","background-size":"auto","background-attachment":"scroll","background-type":"","background-media":"","overlay-type":"","overlay-color":"","overlay-opacity":"","overlay-gradient":""},"mobile":{"background-color":"","background-image":"","background-repeat":"repeat","background-position":"center center","background-size":"auto","background-attachment":"scroll","background-type":"","background-media":"","overlay-type":"","overlay-color":"","overlay-opacity":"","overlay-gradient":""}},"ast-content-background-meta":{"desktop":{"background-color":"var(--ast-global-color-5)","background-image":"","background-repeat":"repeat","background-position":"center center","background-size":"auto","background-attachment":"scroll","background-type":"","background-media":"","overlay-type":"","overlay-color":"","overlay-opacity":"","overlay-gradient":""},"tablet":{"background-color":"var(--ast-global-color-5)","background-image":"","background-repeat":"repeat","background-position":"center center","background-size":"auto","background-attachment":"scroll","background-type":"","background-media":"","overlay-type":"","overlay-color":"","overlay-opacity":"","overlay-gradient":""},"mobile":{"background-color":"var(--ast-global-color-5)","background-image":"","background-repeat":"repeat","background-position":"center center","background-size":"auto","background-attachment":"scroll","background-type":"","background-media":"","overlay-type":"","overlay-color":"","overlay-opacity":"","overlay-gradient":""}},"footnotes":""},"class_list":["post-1119","page","type-page","status-publish","hentry"],"spectra_custom_meta":{"_edit_lock":["1728561773:2"],"_wpml_word_count":["{\"total\":0,\"to_translate\":{\"nl\":12,\"en\":12,\"de\":12,\"es\":12}}"],"_uag_custom_page_level_css":[""],"site-post-title":["disabled"],"theme-transparent-header-meta":[""],"adv-header-id-meta":[""],"stick-header-meta":[""],"_edit_last":["2"],"_wp_page_template":[""],"_wpml_media_duplicate":["1"],"_wpml_media_featured":["1"],"_last_translation_edit_mode":["native-editor"],"_yoast_wpseo_estimated-reading-time-minutes":["2"],"_yoast_wpseo_wordproof_timestamp":[""],"_yoast_wpseo_content_score":["90"],"astra_style_timestamp_css":["1695135419"],"ast-site-content-layout":["default"],"wp_statistics_words_count":["179"],"_seopress_robots_primary_cat":[""],"_seopress_titles_title":[""],"_seopress_titles_desc":[""],"_seopress_robots_index":[""],"astra-migrate-meta-layouts":["set"],"footnotes":[""],"_uag_page_assets":["a:9:{s:3:\"css\";s:0:\"\";s:2:\"js\";s:0:\"\";s:18:\"current_block_list\";a:0:{}s:8:\"uag_flag\";b:0;s:11:\"uag_version\";s:10:\"1775467244\";s:6:\"gfonts\";a:0:{}s:10:\"gfonts_url\";s:0:\"\";s:12:\"gfonts_files\";a:0:{}s:14:\"uag_faq_layout\";b:0;}"]},"uagb_featured_image_src":{"full":false,"thumbnail":false,"medium":false,"medium_large":false,"large":false,"1536x1536":false,"2048x2048":false},"uagb_author_info":{"display_name":"itlapalma","author_link":"https:\/\/itlapalma.com\/de\/author\/itlapalma\/"},"uagb_comment_info":0,"uagb_excerpt":"IT-Beratung f\u00fcr Unternehmen Sie haben ein Gesch\u00e4ft und m\u00f6chten Beratung f\u00fcr Ihre IT Umgebung? Mit dem Wissen, das wir in den letzten Jahren aufgebaut haben, helfen wir Ihnen mit der besseren Nutzung Ihrer IT-Ressourcen. Sie haben alles im Haus, aber nutzen Sie die Ressourcen auch optimal? Erkennen Sie das? Sie haben eine Webseite aber die&hellip;","_links":{"self":[{"href":"https:\/\/itlapalma.com\/de\/wp-json\/wp\/v2\/pages\/1119","targetHints":{"allow":["GET"]}}],"collection":[{"href":"https:\/\/itlapalma.com\/de\/wp-json\/wp\/v2\/pages"}],"about":[{"href":"https:\/\/itlapalma.com\/de\/wp-json\/wp\/v2\/types\/page"}],"author":[{"embeddable":true,"href":"https:\/\/itlapalma.com\/de\/wp-json\/wp\/v2\/users\/2"}],"replies":[{"embeddable":true,"href":"https:\/\/itlapalma.com\/de\/wp-json\/wp\/v2\/comments?post=1119"}],"version-history":[{"count":1,"href":"https:\/\/itlapalma.com\/de\/wp-json\/wp\/v2\/pages\/1119\/revisions"}],"predecessor-version":[{"id":2291,"href":"https:\/\/itlapalma.com\/de\/wp-json\/wp\/v2\/pages\/1119\/revisions\/2291"}],"up":[{"embeddable":true,"href":"https:\/\/itlapalma.com\/de\/wp-json\/wp\/v2\/pages\/1106"}],"wp:attachment":[{"href":"https:\/\/itlapalma.com\/de\/wp-json\/wp\/v2\/media?parent=1119"}],"curies":[{"name":"wp","href":"https:\/\/api.w.org\/{rel}","templated":true}]}}