{"id":1113,"date":"2023-01-24T10:12:14","date_gmt":"2023-01-24T10:12:14","guid":{"rendered":"https:\/\/itlapalma.com\/?page_id=1113"},"modified":"2024-10-10T12:01:47","modified_gmt":"2024-10-10T12:01:47","slug":"verwaltung-von-computern","status":"publish","type":"page","link":"https:\/\/itlapalma.com\/de\/dienstleistungen\/verwaltung-von-computern\/","title":{"rendered":"Verwaltung von Computern"},"content":{"rendered":"<h1>Verwaltung von Computern (Windows und Linux)<\/h1>\n<h2>Wie viele Computer haben Sie im Haus und sind sie immer up to date?<\/h2>\n<p>Wir k\u00f6nnen Ihren Computer remote verwalten so, dass Sie so m\u00f6glichst wenig Probleme mit Ihrem Computer haben!<\/p>\n<h3>Mein Computer Arbeitet wie immer, warum soll dieser verwaltet werden?<\/h3>\n<p>Wenn Sie einen neuen Computer kaufen und verwenden, gibt es in der Regel sofort Updates das Betriebssystem (Windows oder Linux) und alle Arten von Software die sich auf Ihrem PC installieren. Hersteller produzieren Aktuelles, weil sie Fehler machen, wenn sie Software erstellen. Diese Fehler werden von Angreifern verwendet, die wollen Ihren Computer f\u00fcr illegale Zwecke verwenden oder Ihr Bankkonto leer machen. Nur ein Computer der nicht mit dem Internet verbunden ist und die nie Daten von anderen Computern (\u00fcber USB-Sticks oder Cds) bekommen m\u00fcssen nicht aktualisiert werden. Aber ohne Internet k\u00f6nnen Sie nichts mit ihre Computer! Daher sollen alle Ihre Computer so aktuell wie m\u00f6glich sein, um die Risiken so weit wie m\u00f6glich auszuschlie\u00dfen.<\/p>\n<h3>Geht es nicht von selbst, diese Updates?<\/h3>\n<p>Jedes Computerprogramm, das Sie verwenden, hat seine eigene Methode um Updates zu installieren. Und das ist leider nicht immer gut und Sie sollten regelm\u00e4\u00dfig \u00fcberpr\u00fcfen. Haben aber keine Lust es zu tun und sicherlich keine Zeit daf\u00fcr?<\/p>\n<h4>Zeit f\u00fcr die Verwaltung des Computer(s) auszulagern!<\/h4>\n<h3>Was k\u00f6nnen wir f\u00fcr Sie tun?<\/h3>\n<p>Um die Kosten niedrig zu halten, verwalten wir Ihre PCs aus der Ferne. Wir arbeiten mit ein Abo-Modell, wo wir den Computer \u00fcberhaupt einmal im Jahr zur\u00fcckverfolgen. Wir \u00fcberpr\u00fcfen, dass alles auf dem neuesten Stand ist und Scannen Ihren Computer auf Viren und andere unerw\u00fcnschte Zus\u00e4tze. Sie k\u00f6nnen auch w\u00e4hrend des ganzen Jahres mit Computer-Fragen und Meinungen zu uns kommen.<\/p>\n<h3>Hardware?<\/h3>\n<p>Wir sind spezialisiert auf Software-Wartung. Wenn Sie ein Hardware-Problem haben, z. B. einen defekten Monitor oder eine defekte Festplatte, dann verweisen wie Sie auf einem lokalen Computer-Spezialisten. Wir, jedoch helfen Ihnen Ihren reparierten Computer neu zu erstellen oder nach dem Kauf eines neuen Computers. Siehe auch den Teil von Sicherungen.<br \/>\nWir beraten Sie auch beim Kauf eines neuen Computer, Drucker, Scanner usw..<\/p>\n<h3>Sicherungen.<\/h3>\n<p>Neben der Software auf Ihrem Computer habe Sie nat\u00fcrlich Ihre private Dokumente, Fotos, Musik und Filme. Aber was passiert, wenn Ihr Computer kaputt geht und nicht mehr repariert werden kann? Dann haben Sie Ihre Fotos verloren! Es ist daher notwendig, Backups von Ihrem PC zu machen. Sie m\u00fcssen die Sicherungen selbst machen, aber wir k\u00f6nnen Ratschl\u00e4ge geben, was die beste Methode ist f\u00fcr Sie. Das kann eine Kombination aus einem oder mehreren externen Festplatten oder sogar einer Onlinesicherung im Web sein.<\/p>\n<h3>Preise.<\/h3>\n<p>\u20ac 100,00 pro Jahr betr\u00e4gt der Preis f\u00fcr die Verwaltung eines Computers. Das Abonnement l\u00e4uft pro Kalenderjahr und dann fragen wir Sie, ob Sie das Abonnement fortsetzen m\u00f6chten. Angesichts der niedrigen Kosten, gibt es, keine R\u00fcckerstattung m\u00f6glich bei fr\u00fcheren Stopp des Abonnements.<\/p>\n<h3>Garantie?<\/h3>\n<p>Wir tun unser Bestes, um Sie vor Computerproblemen zu sch\u00fctzen. Jedoch k\u00f6nnen wir nicht 100 % Sicherheit geben, weil der Benutzer des PCs dort eine gro\u00dfe Kontrolle spielt. Auch auf Hardwareprobleme, haben wir leider keinen Einfluss. Wir k\u00f6nnen jedoch helfen, Verringerung der Auswirkungen eines solchen Problems.<\/p>\n<h3>Sie haben Fragen?<\/h3>\n<p>Wenn Sie Fragen haben oder ein Angebot m\u00f6chten? Bitte benutzen Sie unser\u00a0<a href=\"\/de\/kontakt\">Kontaktformular<\/a>.<\/p>\n","protected":false},"excerpt":{"rendered":"<p>Verwaltung von Computern (Windows und Linux) Wie viele Computer haben Sie im Haus und sind sie immer up to date? Wir k\u00f6nnen Ihren Computer remote verwalten so, dass Sie so m\u00f6glichst wenig Probleme mit Ihrem Computer haben! Mein Computer Arbeitet wie immer, warum soll dieser verwaltet werden? Wenn Sie einen neuen Computer kaufen und verwenden, [&hellip;]<\/p>\n","protected":false},"author":2,"featured_media":0,"parent":1106,"menu_order":0,"comment_status":"closed","ping_status":"closed","template":"","meta":{"_seopress_robots_primary_cat":"","_seopress_titles_title":"","_seopress_titles_desc":"","_seopress_robots_index":"","_uag_custom_page_level_css":"","site-sidebar-layout":"default","site-content-layout":"","ast-site-content-layout":"default","site-content-style":"default","site-sidebar-style":"default","ast-global-header-display":"","ast-banner-title-visibility":"","ast-main-header-display":"","ast-hfb-above-header-display":"","ast-hfb-below-header-display":"","ast-hfb-mobile-header-display":"","site-post-title":"disabled","ast-breadcrumbs-content":"","ast-featured-img":"","footer-sml-layout":"","ast-disable-related-posts":"","theme-transparent-header-meta":"","adv-header-id-meta":"","stick-header-meta":"","header-above-stick-meta":"","header-main-stick-meta":"","header-below-stick-meta":"","astra-migrate-meta-layouts":"set","ast-page-background-enabled":"default","ast-page-background-meta":{"desktop":{"background-color":"var(--ast-global-color-4)","background-image":"","background-repeat":"repeat","background-position":"center center","background-size":"auto","background-attachment":"scroll","background-type":"","background-media":"","overlay-type":"","overlay-color":"","overlay-opacity":"","overlay-gradient":""},"tablet":{"background-color":"","background-image":"","background-repeat":"repeat","background-position":"center center","background-size":"auto","background-attachment":"scroll","background-type":"","background-media":"","overlay-type":"","overlay-color":"","overlay-opacity":"","overlay-gradient":""},"mobile":{"background-color":"","background-image":"","background-repeat":"repeat","background-position":"center center","background-size":"auto","background-attachment":"scroll","background-type":"","background-media":"","overlay-type":"","overlay-color":"","overlay-opacity":"","overlay-gradient":""}},"ast-content-background-meta":{"desktop":{"background-color":"var(--ast-global-color-5)","background-image":"","background-repeat":"repeat","background-position":"center center","background-size":"auto","background-attachment":"scroll","background-type":"","background-media":"","overlay-type":"","overlay-color":"","overlay-opacity":"","overlay-gradient":""},"tablet":{"background-color":"var(--ast-global-color-5)","background-image":"","background-repeat":"repeat","background-position":"center center","background-size":"auto","background-attachment":"scroll","background-type":"","background-media":"","overlay-type":"","overlay-color":"","overlay-opacity":"","overlay-gradient":""},"mobile":{"background-color":"var(--ast-global-color-5)","background-image":"","background-repeat":"repeat","background-position":"center center","background-size":"auto","background-attachment":"scroll","background-type":"","background-media":"","overlay-type":"","overlay-color":"","overlay-opacity":"","overlay-gradient":""}},"footnotes":""},"class_list":["post-1113","page","type-page","status-publish","hentry"],"spectra_custom_meta":{"_edit_lock":["1728561718:2"],"_wpml_word_count":["{\"total\":0,\"to_translate\":{\"nl\":9,\"en\":9,\"de\":9,\"es\":9}}"],"_uag_custom_page_level_css":[""],"site-post-title":["disabled"],"theme-transparent-header-meta":[""],"adv-header-id-meta":[""],"stick-header-meta":[""],"_edit_last":["2"],"_wp_page_template":[""],"_wpml_media_duplicate":["1"],"_wpml_media_featured":["1"],"_last_translation_edit_mode":["native-editor"],"_yoast_wpseo_estimated-reading-time-minutes":["3"],"_yoast_wpseo_wordproof_timestamp":[""],"astra_style_timestamp_css":["1695146432"],"_yoast_wpseo_content_score":["90"],"ast-site-content-layout":["default"],"_seopress_robots_primary_cat":[""],"_seopress_titles_title":[""],"_seopress_titles_desc":[""],"_seopress_robots_index":[""],"astra-migrate-meta-layouts":["set"],"footnotes":[""],"_uag_page_assets":["a:9:{s:3:\"css\";s:0:\"\";s:2:\"js\";s:0:\"\";s:18:\"current_block_list\";a:0:{}s:8:\"uag_flag\";b:0;s:11:\"uag_version\";s:10:\"1775467244\";s:6:\"gfonts\";a:0:{}s:10:\"gfonts_url\";s:0:\"\";s:12:\"gfonts_files\";a:0:{}s:14:\"uag_faq_layout\";b:0;}"]},"uagb_featured_image_src":{"full":false,"thumbnail":false,"medium":false,"medium_large":false,"large":false,"1536x1536":false,"2048x2048":false},"uagb_author_info":{"display_name":"itlapalma","author_link":"https:\/\/itlapalma.com\/de\/author\/itlapalma\/"},"uagb_comment_info":0,"uagb_excerpt":"Verwaltung von Computern (Windows und Linux) Wie viele Computer haben Sie im Haus und sind sie immer up to date? Wir k\u00f6nnen Ihren Computer remote verwalten so, dass Sie so m\u00f6glichst wenig Probleme mit Ihrem Computer haben! Mein Computer Arbeitet wie immer, warum soll dieser verwaltet werden? Wenn Sie einen neuen Computer kaufen und verwenden,&hellip;","_links":{"self":[{"href":"https:\/\/itlapalma.com\/de\/wp-json\/wp\/v2\/pages\/1113","targetHints":{"allow":["GET"]}}],"collection":[{"href":"https:\/\/itlapalma.com\/de\/wp-json\/wp\/v2\/pages"}],"about":[{"href":"https:\/\/itlapalma.com\/de\/wp-json\/wp\/v2\/types\/page"}],"author":[{"embeddable":true,"href":"https:\/\/itlapalma.com\/de\/wp-json\/wp\/v2\/users\/2"}],"replies":[{"embeddable":true,"href":"https:\/\/itlapalma.com\/de\/wp-json\/wp\/v2\/comments?post=1113"}],"version-history":[{"count":1,"href":"https:\/\/itlapalma.com\/de\/wp-json\/wp\/v2\/pages\/1113\/revisions"}],"predecessor-version":[{"id":2290,"href":"https:\/\/itlapalma.com\/de\/wp-json\/wp\/v2\/pages\/1113\/revisions\/2290"}],"up":[{"embeddable":true,"href":"https:\/\/itlapalma.com\/de\/wp-json\/wp\/v2\/pages\/1106"}],"wp:attachment":[{"href":"https:\/\/itlapalma.com\/de\/wp-json\/wp\/v2\/media?parent=1113"}],"curies":[{"name":"wp","href":"https:\/\/api.w.org\/{rel}","templated":true}]}}